{"id":589,"date":"2018-06-26T10:07:54","date_gmt":"2018-06-26T07:07:54","guid":{"rendered":"http:\/\/localhost:8888\/carbon\/?page_id=589"},"modified":"2024-06-10T13:45:53","modified_gmt":"2024-06-10T10:45:53","slug":"portfolio","status":"publish","type":"page","link":"https:\/\/carboncodetechnology.com\/tr\/portfolio\/","title":{"rendered":"Portfolio"},"content":{"rendered":"<div class=\"vc_row wpb_row vc_row-fluid\" style=\"  \"><div class=\"wpb_column vc_column_container vc_col-sm-12\"><div class=\"vc_column-inner\" style=\"  \"><div class=\"wpb_wrapper\"><div class=\"pt-special-heading pt-special-heading-5f0247daeb3eb  wpb_animate_when_almost_visible wpb_fadeInUp fadeInUp tal\"><h3 class=\"heading\">Projelerimiz<\/h3><\/div><div class=\"portfolio-block\"><div class=\"filter-button-group tal\"><div class=\"wrap\"><button data-filter=\"*\" class=\"active\">All<\/button><button data-filter=\".category-artificial-intelligence\">YAPAY ZEKA<\/button><button data-filter=\".category-augmented-reality\">ARTIRILMI\u015e GER\u00c7EKL\u0130K<\/button><button data-filter=\".category-corporate\">KURUMSAL<\/button><button data-filter=\".category-ecommerce\">E-T\u0130CARET<\/button><button data-filter=\".category-education\">E\u011e\u0130T\u0130M<\/button><button data-filter=\".category-entertainment\">E\u011eLENCE<\/button><button data-filter=\".category-fashion\">MODA<\/button><button data-filter=\".category-health\">SA\u011eLIK<\/button><button data-filter=\".category-iot\">IOT<\/button><button data-filter=\".category-lifestyle\">YA\u015eAM<\/button><button data-filter=\".category-travel\">SEYAHAT<\/button><\/div><\/div><div class=\"portfolio-items row portfolio-type-grid gap-on cols-3 hover-style1 portfolio-5b31f94535ee6 popup-gallery load-wrap\"><div class=\"grid-sizer col-1\"><\/div><article class=\"portfolio-item category-ecommerce category-travel popup-item  image-center col-xs-12 col-sm-4 col-md-4\"><div class=\"wrap  wpb_animate_when_almost_visible wpb_fadeIn fadeIn\"><div class=\"a-img\"><div style=\"background-image: url(https:\/\/carboncodetechnology.com\/wp-content\/uploads\/2000\/01\/triphome-min-1024x1024.png);\"><\/div><\/div><h6><span class=\"cell\"><span>TripHome<\/span><\/span><\/h6><\/div><a href=\"https:\/\/carboncodetechnology.com\/wp-content\/uploads\/2000\/01\/triphome-min.png\" class=\"link\" data-size=\"1024x1024\" data-id=\"0\"><span><\/span><\/a><\/article><article class=\"portfolio-item category-ecommerce category-fashion popup-item  image-center col-xs-12 col-sm-4 col-md-4\"><div class=\"wrap  wpb_animate_when_almost_visible wpb_fadeIn fadeIn\"><div class=\"a-img\"><div style=\"background-image: url(https:\/\/carboncodetechnology.com\/wp-content\/uploads\/2024\/12\/mtlogo-1024x1024.png);\"><\/div><\/div><h6><span class=\"cell\"><span>Models T\u00fcrkiye<\/span><\/span><\/h6><\/div><a href=\"https:\/\/carboncodetechnology.com\/wp-content\/uploads\/2024\/12\/mtlogo.png\" class=\"link\" data-size=\"2000x2000\" data-id=\"1\"><span><\/span><\/a><\/article><article class=\"portfolio-item category-ecommerce popup-item  image-center col-xs-12 col-sm-4 col-md-4\"><div class=\"wrap  wpb_animate_when_almost_visible wpb_fadeIn fadeIn\"><div class=\"a-img\"><div style=\"background-image: url(https:\/\/carboncodetechnology.com\/wp-content\/uploads\/2000\/02\/meze2-1024x1024-min-1024x1024.jpeg);\"><\/div><\/div><h6><span class=\"cell\"><span>Meooze<\/span><\/span><\/h6><\/div><a href=\"https:\/\/carboncodetechnology.com\/wp-content\/uploads\/2000\/02\/meze2-1024x1024-min.jpeg\" class=\"link\" data-size=\"1024x1024\" data-id=\"2\"><span><\/span><\/a><\/article><article class=\"portfolio-item category-ecommerce category-lifestyle popup-item  image-center col-xs-12 col-sm-4 col-md-4\"><div class=\"wrap  wpb_animate_when_almost_visible wpb_fadeIn fadeIn\"><div class=\"a-img\"><div style=\"background-image: url(https:\/\/carboncodetechnology.com\/wp-content\/uploads\/2022\/04\/soforumiscepte-kirmizi-min-1024x1024.png);\"><\/div><\/div><h6><span class=\"cell\"><span>\u015eof\u00f6r\u00fcmi\u015fcepte<\/span><\/span><\/h6><\/div><a href=\"https:\/\/carboncodetechnology.com\/wp-content\/uploads\/2022\/04\/soforumiscepte-kirmizi-min.png\" class=\"link\" data-size=\"1024x1024\" data-id=\"3\"><span><\/span><\/a><\/article><article class=\"portfolio-item category-corporate popup-item  image-center col-xs-12 col-sm-4 col-md-4\"><div class=\"wrap  wpb_animate_when_almost_visible wpb_fadeIn fadeIn\"><div class=\"a-img\"><div style=\"background-image: url(https:\/\/carboncodetechnology.com\/wp-content\/uploads\/2023\/01\/zormanlogo-1024x1024.png);\"><\/div><\/div><h6><span class=\"cell\"><span>Zorman Grup<\/span><\/span><\/h6><\/div><a href=\"https:\/\/carboncodetechnology.com\/wp-content\/uploads\/2023\/01\/zormanlogo.png\" class=\"link\" data-size=\"1024x1024\" data-id=\"4\"><span><\/span><\/a><\/article><article class=\"portfolio-item category-corporate popup-item  image-center col-xs-12 col-sm-4 col-md-4\"><div class=\"wrap  wpb_animate_when_almost_visible wpb_fadeIn fadeIn\"><div class=\"a-img\"><div style=\"background-image: url(https:\/\/carboncodetechnology.com\/wp-content\/uploads\/2023\/12\/WhatsApp-Image-2023-10-17-at-16.16.35-1024x1024.jpeg);\"><\/div><\/div><h6><span class=\"cell\"><span>Karata\u015f Is\u0131 M\u00fchendislik<\/span><\/span><\/h6><\/div><a href=\"https:\/\/carboncodetechnology.com\/wp-content\/uploads\/2023\/12\/WhatsApp-Image-2023-10-17-at-16.16.35.jpeg\" class=\"link\" data-size=\"1563x1563\" data-id=\"5\"><span><\/span><\/a><\/article><article class=\"portfolio-item category-ecommerce category-entertainment popup-item  image-center col-xs-12 col-sm-4 col-md-4\"><div class=\"wrap  wpb_animate_when_almost_visible wpb_fadeIn fadeIn\"><div class=\"a-img\"><div style=\"background-image: url(https:\/\/carboncodetechnology.com\/wp-content\/uploads\/2024\/06\/santatellmelogo.jpeg);\"><\/div><\/div><h6><span class=\"cell\"><span>Santa Tell Me<\/span><\/span><\/h6><\/div><a href=\"https:\/\/carboncodetechnology.com\/wp-content\/uploads\/2024\/06\/santatellmelogo.jpeg\" class=\"link\" data-size=\"1024x1024\" data-id=\"6\"><span><\/span><\/a><\/article><article class=\"portfolio-item category-ecommerce category-entertainment category-lifestyle popup-item  image-center col-xs-12 col-sm-4 col-md-4\"><div class=\"wrap  wpb_animate_when_almost_visible wpb_fadeIn fadeIn\"><div class=\"a-img\"><div style=\"background-image: url(https:\/\/carboncodetechnology.com\/wp-content\/uploads\/2022\/05\/alphafitnesslogo-1024x1024.png);\"><\/div><\/div><h6><span class=\"cell\"><span>Alpha Fitness<\/span><\/span><\/h6><\/div><a href=\"https:\/\/carboncodetechnology.com\/wp-content\/uploads\/2022\/05\/alphafitnesslogo.png\" class=\"link\" data-size=\"1024x1024\" data-id=\"7\"><span><\/span><\/a><\/article><article class=\"portfolio-item category-ecommerce popup-item  image-center col-xs-12 col-sm-4 col-md-4\"><div class=\"wrap  wpb_animate_when_almost_visible wpb_fadeIn fadeIn\"><div class=\"a-img\"><div style=\"background-image: url(https:\/\/carboncodetechnology.com\/wp-content\/uploads\/2005\/06\/classifier2-1024x1024-min-1024x1024.jpeg);\"><\/div><\/div><h6><span class=\"cell\"><span>Classifier<\/span><\/span><\/h6><\/div><a href=\"https:\/\/carboncodetechnology.com\/wp-content\/uploads\/2005\/06\/classifier2-1024x1024-min.jpeg\" class=\"link\" data-size=\"1024x1024\" data-id=\"8\"><span><\/span><\/a><\/article><article class=\"portfolio-item category-ecommerce category-lifestyle popup-item  image-center col-xs-12 col-sm-4 col-md-4\"><div class=\"wrap  wpb_animate_when_almost_visible wpb_fadeIn fadeIn\"><div class=\"a-img\"><div style=\"background-image: url(https:\/\/carboncodetechnology.com\/wp-content\/uploads\/2001\/02\/fethiyecoworkinglogo-min-1024x1024.png);\"><\/div><\/div><h6><span class=\"cell\"><span>Fethiye Coworking<\/span><\/span><\/h6><\/div><a href=\"https:\/\/carboncodetechnology.com\/wp-content\/uploads\/2001\/02\/fethiyecoworkinglogo-min.png\" class=\"link\" data-size=\"2000x2000\" data-id=\"9\"><span><\/span><\/a><\/article><article class=\"portfolio-item category-artificial-intelligence category-augmented-reality category-entertainment popup-item  image-center col-xs-12 col-sm-4 col-md-4\"><div class=\"wrap  wpb_animate_when_almost_visible wpb_fadeIn fadeIn\"><div class=\"a-img\"><div style=\"background-image: url(https:\/\/carboncodetechnology.com\/wp-content\/uploads\/2000\/03\/realtech2-1024x1024-min-1024x1024.jpeg);\"><\/div><\/div><h6><span class=\"cell\"><span>Realtech<\/span><\/span><\/h6><\/div><a href=\"https:\/\/carboncodetechnology.com\/wp-content\/uploads\/2000\/03\/realtech2-1024x1024-min.jpeg\" class=\"link\" data-size=\"1024x1024\" data-id=\"10\"><span><\/span><\/a><\/article><article class=\"portfolio-item category-ecommerce category-health popup-item  image-center col-xs-12 col-sm-4 col-md-4\"><div class=\"wrap  wpb_animate_when_almost_visible wpb_fadeIn fadeIn\"><div class=\"a-img\"><div style=\"background-image: url(https:\/\/carboncodetechnology.com\/wp-content\/uploads\/2002\/06\/teledoc-min-1024x1024.png);\"><\/div><\/div><h6><span class=\"cell\"><span>TeleDoc<\/span><\/span><\/h6><\/div><a href=\"https:\/\/carboncodetechnology.com\/wp-content\/uploads\/2002\/06\/teledoc-min.png\" class=\"link\" data-size=\"1024x1024\" data-id=\"11\"><span><\/span><\/a><\/article><article class=\"portfolio-item category-ecommerce category-fashion category-lifestyle popup-item  image-top col-xs-12 col-sm-4 col-md-4\"><div class=\"wrap  wpb_animate_when_almost_visible wpb_fadeIn fadeIn\"><div class=\"a-img\"><div style=\"background-image: url(https:\/\/carboncodetechnology.com\/wp-content\/uploads\/2003\/04\/dressque2-1024x1024-min-1024x1024.jpeg);\"><\/div><\/div><h6><span class=\"cell\"><span>Dressque<\/span><\/span><\/h6><\/div><a href=\"https:\/\/carboncodetechnology.com\/wp-content\/uploads\/2003\/04\/dressque2-1024x1024-min.jpeg\" class=\"link\" data-size=\"1024x1024\" data-id=\"12\"><span><\/span><\/a><\/article><article class=\"portfolio-item category-education category-iot popup-item  image-center col-xs-12 col-sm-4 col-md-4\"><div class=\"wrap  wpb_animate_when_almost_visible wpb_fadeIn fadeIn\"><div class=\"a-img\"><div style=\"background-image: url(https:\/\/carboncodetechnology.com\/wp-content\/uploads\/2003\/05\/learnio2-min.jpeg);\"><\/div><\/div><h6><span class=\"cell\"><span>Learnio<\/span><\/span><\/h6><\/div><a href=\"https:\/\/carboncodetechnology.com\/wp-content\/uploads\/2003\/05\/learnio2-min.jpeg\" class=\"link\" data-size=\"512x512\" data-id=\"13\"><span><\/span><\/a><\/article><article class=\"portfolio-item category-augmented-reality category-ecommerce category-fashion popup-item  image-center col-xs-12 col-sm-4 col-md-4\"><div class=\"wrap  wpb_animate_when_almost_visible wpb_fadeIn fadeIn\"><div class=\"a-img\"><div style=\"background-image: url(https:\/\/carboncodetechnology.com\/wp-content\/uploads\/2005\/06\/goldux2-1024x1024-min-1024x1024.jpeg);\"><\/div><\/div><h6><span class=\"cell\"><span>Goldux<\/span><\/span><\/h6><\/div><a href=\"https:\/\/carboncodetechnology.com\/wp-content\/uploads\/2005\/06\/goldux2-1024x1024-min.jpeg\" class=\"link\" data-size=\"1024x1024\" data-id=\"14\"><span><\/span><\/a><\/article><article class=\"portfolio-item category-health category-lifestyle popup-item  image-center col-xs-12 col-sm-4 col-md-4\"><div class=\"wrap  wpb_animate_when_almost_visible wpb_fadeIn fadeIn\"><div class=\"a-img\"><div style=\"background-image: url(https:\/\/carboncodetechnology.com\/wp-content\/uploads\/2006\/06\/winingo2-min-1024x1024.jpeg);\"><\/div><\/div><h6><span class=\"cell\"><span>Winingo<\/span><\/span><\/h6><\/div><a href=\"https:\/\/carboncodetechnology.com\/wp-content\/uploads\/2006\/06\/winingo2-min.jpeg\" class=\"link\" data-size=\"1024x1024\" data-id=\"15\"><span><\/span><\/a><\/article><article class=\"portfolio-item category-artificial-intelligence category-ecommerce category-iot category-lifestyle popup-item  image-center col-xs-12 col-sm-4 col-md-4\"><div class=\"wrap  wpb_animate_when_almost_visible wpb_fadeIn fadeIn\"><div class=\"a-img\"><div style=\"background-image: url(https:\/\/carboncodetechnology.com\/wp-content\/uploads\/2018\/06\/techocity2-1024x1024-min-1024x1024.jpeg);\"><\/div><\/div><h6><span class=\"cell\"><span>Techocity<\/span><\/span><\/h6><\/div><a href=\"https:\/\/carboncodetechnology.com\/wp-content\/uploads\/2018\/06\/techocity2-1024x1024-min.jpeg\" class=\"link\" data-size=\"1024x1024\" data-id=\"16\"><span><\/span><\/a><\/article><article class=\"portfolio-item category-augmented-reality category-ecommerce category-fashion category-lifestyle popup-item  image-center col-xs-12 col-sm-4 col-md-4\"><div class=\"wrap  wpb_animate_when_almost_visible wpb_fadeIn fadeIn\"><div class=\"a-img\"><div style=\"background-image: url(https:\/\/carboncodetechnology.com\/wp-content\/uploads\/2018\/06\/laropa2-1024x1024-min-1024x1024.jpeg);\"><\/div><\/div><h6><span class=\"cell\"><span>Laropa<\/span><\/span><\/h6><\/div><a href=\"https:\/\/carboncodetechnology.com\/wp-content\/uploads\/2018\/06\/laropa2-1024x1024-min.jpeg\" class=\"link\" data-size=\"1024x1024\" data-id=\"17\"><span><\/span><\/a><\/article><article class=\"portfolio-item category-entertainment popup-item  image-center col-xs-12 col-sm-4 col-md-4\"><div class=\"wrap  wpb_animate_when_almost_visible wpb_fadeIn fadeIn\"><div class=\"a-img\"><div style=\"background-image: url(https:\/\/carboncodetechnology.com\/wp-content\/uploads\/2018\/06\/snapwave2-min.jpeg);\"><\/div><\/div><h6><span class=\"cell\"><span>Snapwave<\/span><\/span><\/h6><\/div><a href=\"https:\/\/carboncodetechnology.com\/wp-content\/uploads\/2018\/06\/snapwave2-min.jpeg\" class=\"link\" data-size=\"512x512\" data-id=\"18\"><span><\/span><\/a><\/article><article class=\"portfolio-item category-ecommerce category-entertainment category-fashion category-lifestyle popup-item  image-center col-xs-12 col-sm-4 col-md-4\"><div class=\"wrap  wpb_animate_when_almost_visible wpb_fadeIn fadeIn\"><div class=\"a-img\"><div style=\"background-image: url(https:\/\/carboncodetechnology.com\/wp-content\/uploads\/2022\/06\/influenstage_logo-min-1024x1024.png);\"><\/div><\/div><h6><span class=\"cell\"><span>InfluenStage<\/span><\/span><\/h6><\/div><a href=\"https:\/\/carboncodetechnology.com\/wp-content\/uploads\/2022\/06\/influenstage_logo-min.png\" class=\"link\" data-size=\"1024x1024\" data-id=\"19\"><span><\/span><\/a><\/article><article class=\"portfolio-item category-ecommerce category-travel popup-item  image-center col-xs-12 col-sm-4 col-md-4\"><div class=\"wrap  wpb_animate_when_almost_visible wpb_fadeIn fadeIn\"><div class=\"a-img\"><div style=\"background-image: url(https:\/\/carboncodetechnology.com\/wp-content\/uploads\/2022\/10\/parpalilogo-min-1024x1024.png);\"><\/div><\/div><h6><span class=\"cell\"><span>Villa Parpali<\/span><\/span><\/h6><\/div><a href=\"https:\/\/carboncodetechnology.com\/wp-content\/uploads\/2022\/10\/parpalilogo-min.png\" class=\"link\" data-size=\"1024x1024\" data-id=\"20\"><span><\/span><\/a><\/article><article class=\"portfolio-item category-corporate popup-item  image-center col-xs-12 col-sm-4 col-md-4\"><div class=\"wrap  wpb_animate_when_almost_visible wpb_fadeIn fadeIn\"><div class=\"a-img\"><div style=\"background-image: url(https:\/\/carboncodetechnology.com\/wp-content\/uploads\/2024\/06\/dijital-checkup-logo-1.png);\"><\/div><\/div><h6><span class=\"cell\"><span>Digital Check-up<\/span><\/span><\/h6><\/div><a href=\"https:\/\/carboncodetechnology.com\/wp-content\/uploads\/2024\/06\/dijital-checkup-logo-1.png\" class=\"link\" data-size=\"1000x1000\" data-id=\"21\"><span><\/span><\/a><\/article><\/div><\/div><\/div><\/div><\/div><\/div>","protected":false},"excerpt":{"rendered":"","protected":false},"author":1,"featured_media":0,"parent":0,"menu_order":0,"comment_status":"closed","ping_status":"closed","template":"template-landing.php","meta":{"footnotes":""},"acf":[],"yoast_head":"<!-- This site is optimized with the Yoast SEO plugin v21.6 - https:\/\/yoast.com\/wordpress\/plugins\/seo\/ -->\n<title>Portfolio - CarbonCode Technology<\/title>\n<meta name=\"description\" content=\"Do you have an idea? Let&#039;s make it come true! We develop mobile apps and websites using techs like artificial intelligence, augmented reality, IOT and blockchain\" \/>\n<meta name=\"robots\" content=\"index, follow, max-snippet:-1, max-image-preview:large, max-video-preview:-1\" \/>\n<link rel=\"canonical\" href=\"https:\/\/carboncodetechnology.com\/tr\/portfolio\/\" \/>\n<meta property=\"og:locale\" content=\"tr_TR\" \/>\n<meta property=\"og:type\" content=\"article\" \/>\n<meta property=\"og:title\" content=\"Portfolio - CarbonCode Technology\" \/>\n<meta property=\"og:description\" content=\"Do you have an idea? Let&#039;s make it come true! We develop mobile apps and websites using techs like artificial intelligence, augmented reality, IOT and blockchain\" \/>\n<meta property=\"og:url\" content=\"https:\/\/carboncodetechnology.com\/tr\/portfolio\/\" \/>\n<meta property=\"og:site_name\" content=\"CarbonCode Technology\" \/>\n<meta property=\"article:modified_time\" content=\"2024-06-10T10:45:53+00:00\" \/>\n<meta name=\"twitter:card\" content=\"summary_large_image\" \/>\n<meta name=\"twitter:site\" content=\"@CarboncodeTech\" \/>\n<script type=\"application\/ld+json\" class=\"yoast-schema-graph\">{\"@context\":\"https:\/\/schema.org\",\"@graph\":[{\"@type\":\"WebPage\",\"@id\":\"https:\/\/carboncodetechnology.com\/portfolio\/\",\"url\":\"https:\/\/carboncodetechnology.com\/portfolio\/\",\"name\":\"Portfolio - CarbonCode Technology\",\"isPartOf\":{\"@id\":\"https:\/\/carboncodetechnology.com\/#website\"},\"datePublished\":\"2018-06-26T07:07:54+00:00\",\"dateModified\":\"2024-06-10T10:45:53+00:00\",\"description\":\"Do you have an idea? Let's make it come true! We develop mobile apps and websites using techs like artificial intelligence, augmented reality, IOT and blockchain\",\"breadcrumb\":{\"@id\":\"https:\/\/carboncodetechnology.com\/portfolio\/#breadcrumb\"},\"inLanguage\":\"tr\",\"potentialAction\":[{\"@type\":\"ReadAction\",\"target\":[\"https:\/\/carboncodetechnology.com\/portfolio\/\"]}]},{\"@type\":\"BreadcrumbList\",\"@id\":\"https:\/\/carboncodetechnology.com\/portfolio\/#breadcrumb\",\"itemListElement\":[{\"@type\":\"ListItem\",\"position\":1,\"name\":\"Home\",\"item\":\"https:\/\/carboncodetechnology.com\/\"},{\"@type\":\"ListItem\",\"position\":2,\"name\":\"Portfolio\"}]},{\"@type\":\"WebSite\",\"@id\":\"https:\/\/carboncodetechnology.com\/#website\",\"url\":\"https:\/\/carboncodetechnology.com\/\",\"name\":\"CarbonCode Technology\",\"description\":\"We create the future\",\"publisher\":{\"@id\":\"https:\/\/carboncodetechnology.com\/#organization\"},\"potentialAction\":[{\"@type\":\"SearchAction\",\"target\":{\"@type\":\"EntryPoint\",\"urlTemplate\":\"https:\/\/carboncodetechnology.com\/?s={search_term_string}\"},\"query-input\":\"required name=search_term_string\"}],\"inLanguage\":\"tr\"},{\"@type\":\"Organization\",\"@id\":\"https:\/\/carboncodetechnology.com\/#organization\",\"name\":\"CarbonCode Technology\",\"url\":\"https:\/\/carboncodetechnology.com\/\",\"logo\":{\"@type\":\"ImageObject\",\"inLanguage\":\"tr\",\"@id\":\"https:\/\/carboncodetechnology.com\/#\/schema\/logo\/image\/\",\"url\":\"https:\/\/carboncodetechnology.com\/wp-content\/uploads\/2022\/05\/carbon.jpg\",\"contentUrl\":\"https:\/\/carboncodetechnology.com\/wp-content\/uploads\/2022\/05\/carbon.jpg\",\"width\":2000,\"height\":2000,\"caption\":\"CarbonCode Technology\"},\"image\":{\"@id\":\"https:\/\/carboncodetechnology.com\/#\/schema\/logo\/image\/\"},\"sameAs\":[\"https:\/\/twitter.com\/CarboncodeTech\",\"https:\/\/www.instagram.com\/carboncodetechnology\/\",\"https:\/\/www.linkedin.com\/company\/12587438\/admin\/\",\"https:\/\/www.youtube.com\/channel\/UCsuBvWHg6GMRtQ_HnYEPGrQ\"]}]}<\/script>\n<!-- \/ Yoast SEO plugin. -->","yoast_head_json":{"title":"Portfolio - CarbonCode Technology","description":"Do you have an idea? Let's make it come true! We develop mobile apps and websites using techs like artificial intelligence, augmented reality, IOT and blockchain","robots":{"index":"index","follow":"follow","max-snippet":"max-snippet:-1","max-image-preview":"max-image-preview:large","max-video-preview":"max-video-preview:-1"},"canonical":"https:\/\/carboncodetechnology.com\/tr\/portfolio\/","og_locale":"tr_TR","og_type":"article","og_title":"Portfolio - CarbonCode Technology","og_description":"Do you have an idea? Let's make it come true! We develop mobile apps and websites using techs like artificial intelligence, augmented reality, IOT and blockchain","og_url":"https:\/\/carboncodetechnology.com\/tr\/portfolio\/","og_site_name":"CarbonCode Technology","article_modified_time":"2024-06-10T10:45:53+00:00","twitter_card":"summary_large_image","twitter_site":"@CarboncodeTech","schema":{"@context":"https:\/\/schema.org","@graph":[{"@type":"WebPage","@id":"https:\/\/carboncodetechnology.com\/portfolio\/","url":"https:\/\/carboncodetechnology.com\/portfolio\/","name":"Portfolio - CarbonCode Technology","isPartOf":{"@id":"https:\/\/carboncodetechnology.com\/#website"},"datePublished":"2018-06-26T07:07:54+00:00","dateModified":"2024-06-10T10:45:53+00:00","description":"Do you have an idea? Let's make it come true! We develop mobile apps and websites using techs like artificial intelligence, augmented reality, IOT and blockchain","breadcrumb":{"@id":"https:\/\/carboncodetechnology.com\/portfolio\/#breadcrumb"},"inLanguage":"tr","potentialAction":[{"@type":"ReadAction","target":["https:\/\/carboncodetechnology.com\/portfolio\/"]}]},{"@type":"BreadcrumbList","@id":"https:\/\/carboncodetechnology.com\/portfolio\/#breadcrumb","itemListElement":[{"@type":"ListItem","position":1,"name":"Home","item":"https:\/\/carboncodetechnology.com\/"},{"@type":"ListItem","position":2,"name":"Portfolio"}]},{"@type":"WebSite","@id":"https:\/\/carboncodetechnology.com\/#website","url":"https:\/\/carboncodetechnology.com\/","name":"CarbonCode Technology","description":"We create the future","publisher":{"@id":"https:\/\/carboncodetechnology.com\/#organization"},"potentialAction":[{"@type":"SearchAction","target":{"@type":"EntryPoint","urlTemplate":"https:\/\/carboncodetechnology.com\/?s={search_term_string}"},"query-input":"required name=search_term_string"}],"inLanguage":"tr"},{"@type":"Organization","@id":"https:\/\/carboncodetechnology.com\/#organization","name":"CarbonCode Technology","url":"https:\/\/carboncodetechnology.com\/","logo":{"@type":"ImageObject","inLanguage":"tr","@id":"https:\/\/carboncodetechnology.com\/#\/schema\/logo\/image\/","url":"https:\/\/carboncodetechnology.com\/wp-content\/uploads\/2022\/05\/carbon.jpg","contentUrl":"https:\/\/carboncodetechnology.com\/wp-content\/uploads\/2022\/05\/carbon.jpg","width":2000,"height":2000,"caption":"CarbonCode Technology"},"image":{"@id":"https:\/\/carboncodetechnology.com\/#\/schema\/logo\/image\/"},"sameAs":["https:\/\/twitter.com\/CarboncodeTech","https:\/\/www.instagram.com\/carboncodetechnology\/","https:\/\/www.linkedin.com\/company\/12587438\/admin\/","https:\/\/www.youtube.com\/channel\/UCsuBvWHg6GMRtQ_HnYEPGrQ"]}]}},"_links":{"self":[{"href":"https:\/\/carboncodetechnology.com\/tr\/wp-json\/wp\/v2\/pages\/589"}],"collection":[{"href":"https:\/\/carboncodetechnology.com\/tr\/wp-json\/wp\/v2\/pages"}],"about":[{"href":"https:\/\/carboncodetechnology.com\/tr\/wp-json\/wp\/v2\/types\/page"}],"author":[{"embeddable":true,"href":"https:\/\/carboncodetechnology.com\/tr\/wp-json\/wp\/v2\/users\/1"}],"replies":[{"embeddable":true,"href":"https:\/\/carboncodetechnology.com\/tr\/wp-json\/wp\/v2\/comments?post=589"}],"version-history":[{"count":4,"href":"https:\/\/carboncodetechnology.com\/tr\/wp-json\/wp\/v2\/pages\/589\/revisions"}],"predecessor-version":[{"id":3184,"href":"https:\/\/carboncodetechnology.com\/tr\/wp-json\/wp\/v2\/pages\/589\/revisions\/3184"}],"wp:attachment":[{"href":"https:\/\/carboncodetechnology.com\/tr\/wp-json\/wp\/v2\/media?parent=589"}],"curies":[{"name":"wp","href":"https:\/\/api.w.org\/{rel}","templated":true}]}}