{"id":269,"date":"2018-06-06T13:49:10","date_gmt":"2018-06-06T13:49:10","guid":{"rendered":"http:\/\/localhost:8888\/carbon\/?page_id=269"},"modified":"2022-05-13T15:53:02","modified_gmt":"2022-05-13T12:53:02","slug":"sci-researches","status":"publish","type":"page","link":"https:\/\/carboncodetechnology.com\/tr\/sci-researches\/","title":{"rendered":"Sci-Researches"},"content":{"rendered":"<div data-vc-full-width=\"true\" data-vc-full-width-init=\"false\" data-vc-stretch-content=\"true\" class=\"vc_row wpb_row vc_row-fluid vc_row-no-padding\" style=\"  \"><div class=\"wpb_column vc_column_container vc_col-sm-12\"><div class=\"vc_column-inner\" style=\"  \"><div class=\"wpb_wrapper\"><div class=\"banner-area banner-5b30db704fdb4 autoplay-true\"><div class=\"banner-social-buttons\"><div><a href=\"https:\/\/www.linkedin.com\/company\/12587438\/\" target=\"_blank\"><i class=\"fa fa-linkedin\"><\/i> <span>LinkedIn<\/span><\/a><a href=\"https:\/\/www.youtube.com\/channel\/UCsuBvWHg6GMRtQ_HnYEPGrQ\" target=\"_blank\"><i class=\"fa fa-youtube\"><\/i> <span>Youtube<\/span><\/a><a href=\"https:\/\/www.instagram.com\/carboncodetechnology\/\" target=\"_blank\"><i class=\"fa fa-instagram\"><\/i> <span>Instagram<\/span><\/a><a href=\"https:\/\/twitter.com\/CarboncodeTech\" target=\"_blank\"><i class=\"fa fa-twitter\"><\/i> <span>Twitter<\/span><\/a><\/div><\/div><div class=\"banner  fixed-height navigation-style1\" style=\"height: 415px;\"><div class=\"item banner-item-69e07bda51698 middle white\" style=\"background-image: url(https:\/\/carboncodetechnology.com\/wp-content\/uploads\/2020\/07\/system-scholarships-1.jpg);\"><div class=\"overlay\"><\/div><div class=\"container\"><div class=\"cell\"><\/div><\/div><\/div><\/div><div class=\"slider-navigation slider-navigation-style1\">\r\n                    <div class=\"container\">\r\n                        <div class=\"count\"><\/div>\r\n                        <div class=\"line\"><div style=\"transition-duration: 5000ms;\"><\/div><\/div>\r\n                        <div class=\"arrows\">\r\n                            <div class=\"prev solid-arrow-collection-left-chevron-1\"><\/div>\r\n                            <div class=\"next solid-arrow-collection-right-chevron-1\"><\/div>\r\n                        <\/div>\r\n                    <\/div>\r\n                <\/div><\/div><\/div><\/div><\/div><\/div><div class=\"vc_row-full-width vc_clearfix\"><\/div><div class=\"vc_row wpb_row vc_row-fluid vc_custom_1529934856664 vc_row-o-equal-height vc_row-o-content-top vc_row-flex\" style=\"  \"><div class=\"wpb_column vc_column_container vc_col-sm-12\"><div class=\"vc_column-inner\" style=\"  \"><div class=\"wpb_wrapper\"><div class=\"vc_empty_space\"   style=\"height: 50px\"><span class=\"vc_empty_space_inner\"><\/span><\/div><div class=\"pt-special-heading pt-special-heading-5b30e331e6856  wpb_animate_when_almost_visible wpb_fadeInUp fadeInUp tal  vc_custom_1593985167217 decor-line-on-bottom\"><h3 class=\"heading\">Bilimsel ve Teknolojik \u00c7al\u0131\u015fmalar\u0131m\u0131z<\/h3><\/div><\/div><\/div><\/div><div class=\"wpb_column vc_column_container vc_col-sm-3\"><div class=\"vc_column-inner\" style=\"  \"><div class=\"wpb_wrapper\"><div class=\"icon-box icon-box-5b30e59c3754a  wpb_animate_when_almost_visible wpb_fadeInLeft fadeInLeft\"><div class=\"icon fas fa-users\"><\/div><h5 class=\"heading\">Pop\u00fclasyon Analizi<\/h5><div class=\"desc\">Ak\u0131ll\u0131 Telefon Kullan\u0131c\u0131lar\u0131 Pop\u00fclasyon Analizi<\/div><\/div><\/div><\/div><\/div><div class=\"wpb_column vc_column_container vc_col-sm-3\"><div class=\"vc_column-inner\" style=\"  \"><div class=\"wpb_wrapper\"><div class=\"icon-box icon-box-5b30e5dc2c669  wpb_animate_when_almost_visible wpb_fadeInUp fadeInUp\"><div class=\"icon fas fa-mobile-alt\"><\/div><h5 class=\"heading\">Ekran Stabilizasyonu<\/h5><div class=\"desc\">Dokunmatik ekran stabilizasyonu i\u00e7in yenilik\u00e7i UI\/UX tasar\u0131m\u0131<\/div><\/div><\/div><\/div><\/div><div class=\"wpb_column vc_column_container vc_col-sm-3\"><div class=\"vc_column-inner\" style=\"  \"><div class=\"wpb_wrapper\"><div class=\"icon-box icon-box-5b30e641493aa  wpb_animate_when_almost_visible wpb_fadeInUp fadeInUp\"><div class=\"icon fas fa-transgender-alt\"><\/div><h5 class=\"heading\">Meta-Analizler<\/h5><div class=\"desc\">Kullan\u0131c\u0131 aray\u00fcz\u00fc i\u00e7in end\u00fcstriyel meta-analizler<\/div><\/div><\/div><\/div><\/div><div class=\"wpb_column vc_column_container vc_col-sm-3\"><div class=\"vc_column-inner\" style=\"  \"><div class=\"wpb_wrapper\"><div class=\"icon-box icon-box-5b30e655127d8  wpb_animate_when_almost_visible wpb_fadeInRight fadeInRight\"><div class=\"icon ui-interface-shopping-cart\"><\/div><h5 class=\"heading\">T\u00fcketici Alg\u0131lar\u0131<\/h5><div class=\"desc\">E-ticaret ve ilgili sekt\u00f6rlere ili\u015fkin t\u00fcketici alg\u0131lar\u0131 ve tutumlar\u0131<\/div><\/div><\/div><\/div><\/div><div class=\"wpb_column vc_column_container vc_col-sm-3\"><div class=\"vc_column-inner\" style=\"  \"><div class=\"wpb_wrapper\"><div class=\"icon-box icon-box-5b30e6837257c  wpb_animate_when_almost_visible wpb_fadeInUp fadeInUp\"><div class=\"icon fas fa-industry\"><\/div><h5 class=\"heading\">End\u00fcstri 5.0<\/h5><div class=\"desc\">End\u00fcstri 5.0 ile mobil uygulamalara performans uyarlamas\u0131<\/div><\/div><\/div><\/div><\/div><div class=\"wpb_column vc_column_container vc_col-sm-3\"><div class=\"vc_column-inner\" style=\"  \"><div class=\"wpb_wrapper\"><div class=\"icon-box icon-box-5b30e69ae4049  wpb_animate_when_almost_visible wpb_fadeInUp fadeInUp\"><div class=\"icon beautiful-camera-camera-box\"><\/div><h5 class=\"heading\">Neuromarketing<\/h5><div class=\"desc\">Neuromarketing stratejilerini kullanarak mobil uygulama geli\u015ftirme<\/div><\/div><\/div><\/div><\/div><div class=\"wpb_column vc_column_container vc_col-sm-3\"><div class=\"vc_column-inner\" style=\"  \"><div class=\"wpb_wrapper\"><div class=\"icon-box icon-box-5b30e6bad4e32  wpb_animate_when_almost_visible wpb_fadeInRight fadeInRight\"><div class=\"icon fas fa-drafting-compass\"><\/div><h5 class=\"heading\">Kullan\u0131c\u0131 Deneyimi<\/h5><div class=\"desc\">Mobil uygulama geli\u015ftirmede UI\/UX modelleme<\/div><\/div><\/div><\/div><\/div><div class=\"wpb_column vc_column_container vc_col-sm-3\"><div class=\"vc_column-inner\" style=\"  \"><div class=\"wpb_wrapper\"><div class=\"icon-box icon-box-5b30e6ec11f9d  wpb_animate_when_almost_visible wpb_fadeInLeft fadeInLeft\"><div class=\"icon fas fa-crown\"><\/div><h5 class=\"heading\">Rekabet Etkisi<\/h5><div class=\"desc\">Sekt\u00f6rlere g\u00f6re ticari rekabet etkisi ara\u015ft\u0131rmas\u0131<\/div><\/div><\/div><\/div><\/div><\/div>","protected":false},"excerpt":{"rendered":"LinkedIn Youtube Instagram Twitter Some of Our Scientific and Technological ResearchesPopulation AnalysisSmartphone User Population AnalysisScreen StabilizationDesign and innovation for touch screen stabilizationMeta-AnalysisSystematic and industrial meta-analysis of user interfacesConsumer PerceptionsInvestigating consumer perceptions and attitudes on e-commerce and sectorsIndustry 5.0Performance adaptation to mobile applications with industry 5.0 technology innovationsNeuromarketingMobile application development supported by neuromarketing strategiesUser ExperienceUser experience [...]","protected":false},"author":1,"featured_media":0,"parent":0,"menu_order":0,"comment_status":"closed","ping_status":"closed","template":"template-landing.php","meta":{"footnotes":""},"acf":[],"yoast_head":"<!-- This site is optimized with the Yoast SEO plugin v21.6 - https:\/\/yoast.com\/wordpress\/plugins\/seo\/ -->\n<title>Sci-Researches - CarbonCode Technology<\/title>\n<meta name=\"description\" content=\"Do you have an idea? Let&#039;s make it come true! We develop mobile apps and websites using techs like artificial intelligence, augmented reality, IOT and blockchain\" \/>\n<meta name=\"robots\" content=\"index, follow, max-snippet:-1, max-image-preview:large, max-video-preview:-1\" \/>\n<link rel=\"canonical\" href=\"https:\/\/carboncodetechnology.com\/tr\/sci-researches\/\" \/>\n<meta property=\"og:locale\" content=\"tr_TR\" \/>\n<meta property=\"og:type\" content=\"article\" \/>\n<meta property=\"og:title\" content=\"Sci-Researches - CarbonCode Technology\" \/>\n<meta property=\"og:description\" content=\"Do you have an idea? Let&#039;s make it come true! We develop mobile apps and websites using techs like artificial intelligence, augmented reality, IOT and blockchain\" \/>\n<meta property=\"og:url\" content=\"https:\/\/carboncodetechnology.com\/tr\/sci-researches\/\" \/>\n<meta property=\"og:site_name\" content=\"CarbonCode Technology\" \/>\n<meta property=\"article:modified_time\" content=\"2022-05-13T12:53:02+00:00\" \/>\n<meta name=\"twitter:card\" content=\"summary_large_image\" \/>\n<meta name=\"twitter:site\" content=\"@CarboncodeTech\" \/>\n<meta name=\"twitter:label1\" content=\"Tahmini okuma s\u00fcresi\" \/>\n\t<meta name=\"twitter:data1\" content=\"2 dakika\" \/>\n<script type=\"application\/ld+json\" class=\"yoast-schema-graph\">{\"@context\":\"https:\/\/schema.org\",\"@graph\":[{\"@type\":\"WebPage\",\"@id\":\"https:\/\/carboncodetechnology.com\/tr\/sci-researches\/\",\"url\":\"https:\/\/carboncodetechnology.com\/tr\/sci-researches\/\",\"name\":\"Sci-Researches - CarbonCode Technology\",\"isPartOf\":{\"@id\":\"https:\/\/carboncodetechnology.com\/#website\"},\"datePublished\":\"2018-06-06T13:49:10+00:00\",\"dateModified\":\"2022-05-13T12:53:02+00:00\",\"description\":\"Do you have an idea? Let's make it come true! We develop mobile apps and websites using techs like artificial intelligence, augmented reality, IOT and blockchain\",\"breadcrumb\":{\"@id\":\"https:\/\/carboncodetechnology.com\/tr\/sci-researches\/#breadcrumb\"},\"inLanguage\":\"tr\",\"potentialAction\":[{\"@type\":\"ReadAction\",\"target\":[\"https:\/\/carboncodetechnology.com\/tr\/sci-researches\/\"]}]},{\"@type\":\"BreadcrumbList\",\"@id\":\"https:\/\/carboncodetechnology.com\/tr\/sci-researches\/#breadcrumb\",\"itemListElement\":[{\"@type\":\"ListItem\",\"position\":1,\"name\":\"Home\",\"item\":\"https:\/\/carboncodetechnology.com\/\"},{\"@type\":\"ListItem\",\"position\":2,\"name\":\"Sci-Researches\"}]},{\"@type\":\"WebSite\",\"@id\":\"https:\/\/carboncodetechnology.com\/#website\",\"url\":\"https:\/\/carboncodetechnology.com\/\",\"name\":\"CarbonCode Technology\",\"description\":\"We create the future\",\"publisher\":{\"@id\":\"https:\/\/carboncodetechnology.com\/#organization\"},\"potentialAction\":[{\"@type\":\"SearchAction\",\"target\":{\"@type\":\"EntryPoint\",\"urlTemplate\":\"https:\/\/carboncodetechnology.com\/?s={search_term_string}\"},\"query-input\":\"required name=search_term_string\"}],\"inLanguage\":\"tr\"},{\"@type\":\"Organization\",\"@id\":\"https:\/\/carboncodetechnology.com\/#organization\",\"name\":\"CarbonCode Technology\",\"url\":\"https:\/\/carboncodetechnology.com\/\",\"logo\":{\"@type\":\"ImageObject\",\"inLanguage\":\"tr\",\"@id\":\"https:\/\/carboncodetechnology.com\/#\/schema\/logo\/image\/\",\"url\":\"https:\/\/carboncodetechnology.com\/wp-content\/uploads\/2022\/05\/carbon.jpg\",\"contentUrl\":\"https:\/\/carboncodetechnology.com\/wp-content\/uploads\/2022\/05\/carbon.jpg\",\"width\":2000,\"height\":2000,\"caption\":\"CarbonCode Technology\"},\"image\":{\"@id\":\"https:\/\/carboncodetechnology.com\/#\/schema\/logo\/image\/\"},\"sameAs\":[\"https:\/\/twitter.com\/CarboncodeTech\",\"https:\/\/www.instagram.com\/carboncodetechnology\/\",\"https:\/\/www.linkedin.com\/company\/12587438\/admin\/\",\"https:\/\/www.youtube.com\/channel\/UCsuBvWHg6GMRtQ_HnYEPGrQ\"]}]}<\/script>\n<!-- \/ Yoast SEO plugin. -->","yoast_head_json":{"title":"Sci-Researches - CarbonCode Technology","description":"Do you have an idea? Let's make it come true! We develop mobile apps and websites using techs like artificial intelligence, augmented reality, IOT and blockchain","robots":{"index":"index","follow":"follow","max-snippet":"max-snippet:-1","max-image-preview":"max-image-preview:large","max-video-preview":"max-video-preview:-1"},"canonical":"https:\/\/carboncodetechnology.com\/tr\/sci-researches\/","og_locale":"tr_TR","og_type":"article","og_title":"Sci-Researches - CarbonCode Technology","og_description":"Do you have an idea? Let's make it come true! We develop mobile apps and websites using techs like artificial intelligence, augmented reality, IOT and blockchain","og_url":"https:\/\/carboncodetechnology.com\/tr\/sci-researches\/","og_site_name":"CarbonCode Technology","article_modified_time":"2022-05-13T12:53:02+00:00","twitter_card":"summary_large_image","twitter_site":"@CarboncodeTech","twitter_misc":{"Tahmini okuma s\u00fcresi":"2 dakika"},"schema":{"@context":"https:\/\/schema.org","@graph":[{"@type":"WebPage","@id":"https:\/\/carboncodetechnology.com\/tr\/sci-researches\/","url":"https:\/\/carboncodetechnology.com\/tr\/sci-researches\/","name":"Sci-Researches - CarbonCode Technology","isPartOf":{"@id":"https:\/\/carboncodetechnology.com\/#website"},"datePublished":"2018-06-06T13:49:10+00:00","dateModified":"2022-05-13T12:53:02+00:00","description":"Do you have an idea? Let's make it come true! We develop mobile apps and websites using techs like artificial intelligence, augmented reality, IOT and blockchain","breadcrumb":{"@id":"https:\/\/carboncodetechnology.com\/tr\/sci-researches\/#breadcrumb"},"inLanguage":"tr","potentialAction":[{"@type":"ReadAction","target":["https:\/\/carboncodetechnology.com\/tr\/sci-researches\/"]}]},{"@type":"BreadcrumbList","@id":"https:\/\/carboncodetechnology.com\/tr\/sci-researches\/#breadcrumb","itemListElement":[{"@type":"ListItem","position":1,"name":"Home","item":"https:\/\/carboncodetechnology.com\/"},{"@type":"ListItem","position":2,"name":"Sci-Researches"}]},{"@type":"WebSite","@id":"https:\/\/carboncodetechnology.com\/#website","url":"https:\/\/carboncodetechnology.com\/","name":"CarbonCode Technology","description":"We create the future","publisher":{"@id":"https:\/\/carboncodetechnology.com\/#organization"},"potentialAction":[{"@type":"SearchAction","target":{"@type":"EntryPoint","urlTemplate":"https:\/\/carboncodetechnology.com\/?s={search_term_string}"},"query-input":"required name=search_term_string"}],"inLanguage":"tr"},{"@type":"Organization","@id":"https:\/\/carboncodetechnology.com\/#organization","name":"CarbonCode Technology","url":"https:\/\/carboncodetechnology.com\/","logo":{"@type":"ImageObject","inLanguage":"tr","@id":"https:\/\/carboncodetechnology.com\/#\/schema\/logo\/image\/","url":"https:\/\/carboncodetechnology.com\/wp-content\/uploads\/2022\/05\/carbon.jpg","contentUrl":"https:\/\/carboncodetechnology.com\/wp-content\/uploads\/2022\/05\/carbon.jpg","width":2000,"height":2000,"caption":"CarbonCode Technology"},"image":{"@id":"https:\/\/carboncodetechnology.com\/#\/schema\/logo\/image\/"},"sameAs":["https:\/\/twitter.com\/CarboncodeTech","https:\/\/www.instagram.com\/carboncodetechnology\/","https:\/\/www.linkedin.com\/company\/12587438\/admin\/","https:\/\/www.youtube.com\/channel\/UCsuBvWHg6GMRtQ_HnYEPGrQ"]}]}},"_links":{"self":[{"href":"https:\/\/carboncodetechnology.com\/tr\/wp-json\/wp\/v2\/pages\/269"}],"collection":[{"href":"https:\/\/carboncodetechnology.com\/tr\/wp-json\/wp\/v2\/pages"}],"about":[{"href":"https:\/\/carboncodetechnology.com\/tr\/wp-json\/wp\/v2\/types\/page"}],"author":[{"embeddable":true,"href":"https:\/\/carboncodetechnology.com\/tr\/wp-json\/wp\/v2\/users\/1"}],"replies":[{"embeddable":true,"href":"https:\/\/carboncodetechnology.com\/tr\/wp-json\/wp\/v2\/comments?post=269"}],"version-history":[{"count":2,"href":"https:\/\/carboncodetechnology.com\/tr\/wp-json\/wp\/v2\/pages\/269\/revisions"}],"predecessor-version":[{"id":2480,"href":"https:\/\/carboncodetechnology.com\/tr\/wp-json\/wp\/v2\/pages\/269\/revisions\/2480"}],"wp:attachment":[{"href":"https:\/\/carboncodetechnology.com\/tr\/wp-json\/wp\/v2\/media?parent=269"}],"curies":[{"name":"wp","href":"https:\/\/api.w.org\/{rel}","templated":true}]}}