{"id":265,"date":"2018-06-06T13:48:49","date_gmt":"2018-06-06T13:48:49","guid":{"rendered":"http:\/\/localhost:8888\/carbon\/?page_id=265"},"modified":"2022-05-17T15:43:31","modified_gmt":"2022-05-17T12:43:31","slug":"about-us","status":"publish","type":"page","link":"https:\/\/carboncodetechnology.com\/tr\/about-us\/","title":{"rendered":"Hakk\u0131m\u0131zda"},"content":{"rendered":"<div data-vc-full-width=\"true\" data-vc-full-width-init=\"false\" data-vc-stretch-content=\"true\" class=\"vc_row wpb_row vc_row-fluid vc_row-no-padding\" style=\"  \"><div class=\"wpb_column vc_column_container vc_col-sm-12\"><div class=\"vc_column-inner\" style=\"background-position: center bottom !important;  \"><div class=\"wpb_wrapper\"><div class=\"banner-area banner-5b30bfb98f050 autoplay-true\"><div class=\"banner-social-buttons\"><div><a href=\"https:\/\/www.linkedin.com\/company\/12587438\/\" target=\"_blank\"><i class=\"fa fa-linkedin\"><\/i> <span>LinkedIn<\/span><\/a><a href=\"https:\/\/www.youtube.com\/channel\/UCsuBvWHg6GMRtQ_HnYEPGrQ\" target=\"_blank\"><i class=\"fa fa-youtube\"><\/i> <span>Youtube<\/span><\/a><a href=\"https:\/\/www.instagram.com\/carboncodetechnology\/\" target=\"_blank\"><i class=\"fa fa-instagram\"><\/i> <span>Instagram<\/span><\/a><a href=\"https:\/\/twitter.com\/CarboncodeTech\" target=\"_blank\"><i class=\"fa fa-twitter\"><\/i> <span>Twitter<\/span><\/a><\/div><\/div><div class=\"banner  fixed-height navigation-style1\" style=\"height: 475px;\"><div class=\"item banner-item-69e092c43c7f7 bottom black\" style=\"background-image: url(https:\/\/carboncodetechnology.com\/wp-content\/uploads\/2020\/07\/1111111.jpeg);\"><div class=\"overlay\"><\/div><div class=\"container\"><div class=\"cell\"><\/div><\/div><\/div><\/div><div class=\"slider-navigation slider-navigation-style1\">\r\n                    <div class=\"container\">\r\n                        <div class=\"count\"><\/div>\r\n                        <div class=\"line\"><div style=\"transition-duration: 5000ms;\"><\/div><\/div>\r\n                        <div class=\"arrows\">\r\n                            <div class=\"prev solid-arrow-collection-left-chevron-1\"><\/div>\r\n                            <div class=\"next solid-arrow-collection-right-chevron-1\"><\/div>\r\n                        <\/div>\r\n                    <\/div>\r\n                <\/div><\/div><\/div><\/div><\/div><\/div><div class=\"vc_row-full-width vc_clearfix\"><\/div><div class=\"vc_row wpb_row vc_row-fluid vc_custom_1529923143630 vc_row-o-equal-height vc_row-flex\" style=\"  \"><div class=\"wpb_column vc_column_container vc_col-sm-6 vc_col-lg-5\"><div class=\"vc_column-inner vc_custom_1529923170878\" style=\"  \"><div class=\"wpb_wrapper\"><div class=\"pt-special-heading pt-special-heading-5b30c08237be9  wpb_animate_when_almost_visible wpb_fadeInLeft fadeInLeft tal decor-line-on-bottom\"><h6 class=\"sub-heading\">biz kimiz<\/h6><h3 class=\"heading\">Hakk\u0131m\u0131zda<\/h3><\/div>\n\t<div class=\"wpb_text_column wpb_content_element  wpb_animate_when_almost_visible wpb_fadeInLeft fadeInLeft\" >\n\t\t<div class=\"wpb_wrapper\">\n\t\t\t<p>Yarat\u0131c\u0131 bir fikrin mi var? Hadi onu ger\u00e7e\u011fe d\u00f6n\u00fc\u015ft\u00fcrelim! CarbonCode Technology olarak; yapay zeka, art\u0131r\u0131lm\u0131\u015f ger\u00e7eklik, nesnelerin interneti ve blockchain gibi teknolojileri kullanarak \u00f6zel tasar\u0131ml\u0131 mobil uygulamalar ve web siteleri geli\u015ftirmekteyiz. Bug\u00fcne kadar 30 farkl\u0131 \u00fclkeden 100'\u00fc a\u015fk\u0131n m\u00fc\u015fteriye hizmet vermi\u015f olman\u0131n\u0131 gururunu ya\u015f\u0131yoruz.<\/p>\n<p>Kurumsal \u00e7\u00f6z\u00fcmler, blockchain teknolojileri, yapay zeka, art\u0131r\u0131lm\u0131\u015f ger\u00e7eklik, nesnelerin interneti, web &amp; mobil uygulama geli\u015ftirme, UI\/UX tasar\u0131m\u0131, dijital pazarlama\u2026 Yaz\u0131l\u0131m ve tasar\u0131m ad\u0131mlar\u0131ndan, pazarlama ve marka tutundurma a\u015famalar\u0131na kadar ihtiya\u00e7 duyabilece\u011finiz t\u00fcm alanlarla profesyonel hizmet veriyoruz.<\/p>\n\n\t\t<\/div>\n\t<\/div>\n<div class=\"vc_row wpb_row vc_inner vc_row-fluid\" style=\"  \"><div class=\"wpb_column vc_column_container vc_col-sm-6\"><div class=\"vc_column-inner\"><div class=\"wpb_wrapper\"><div class=\"benefit-item icon-box-in-row benefit-item-5b30c1017d6c6  wpb_animate_when_almost_visible wpb_fadeInLeft fadeInLeft\"><div class=\"count\">80+<\/div><div class=\"heading\"><div class=\"cell\">tamamlanm\u0131\u015f<br \/>\nproje<\/div><\/div><\/div><\/div><\/div><\/div><div class=\"wpb_column vc_column_container vc_col-sm-6\"><div class=\"vc_column-inner\"><div class=\"wpb_wrapper\"><div class=\"benefit-item icon-box-in-row benefit-item-5b30c11032cda  wpb_animate_when_almost_visible wpb_fadeInLeft fadeInLeft\"><div class=\"count\">100+<\/div><div class=\"heading\"><div class=\"cell\">mutlu<br \/>\nm\u00fc\u015fteri<\/div><\/div><\/div><\/div><\/div><\/div><\/div><div class=\"vc_row wpb_row vc_inner vc_row-fluid\" style=\"  \"><div class=\"wpb_column vc_column_container vc_col-sm-6\"><div class=\"vc_column-inner\"><div class=\"wpb_wrapper\"><div class=\"benefit-item icon-box-in-row benefit-item-  wpb_animate_when_almost_visible wpb_fadeInLeft fadeInLeft\"><div class=\"count\">30+<\/div><div class=\"heading\"><div class=\"cell\">farkl\u0131<br \/>\n\u00fclke<\/div><\/div><\/div><\/div><\/div><\/div><div class=\"wpb_column vc_column_container vc_col-sm-6\"><div class=\"vc_column-inner\"><div class=\"wpb_wrapper\"><div class=\"benefit-item icon-box-in-row benefit-item-  wpb_animate_when_almost_visible wpb_fadeInLeft fadeInLeft\"><div class=\"count\">20+<\/div><div class=\"heading\"><div class=\"cell\">milyon<br \/>\nkullan\u0131c\u0131<\/div><\/div><\/div><\/div><\/div><\/div><\/div><\/div><\/div><\/div><div class=\"side-img wpb_animate_when_almost_visible wpb_fadeInRight fadeInRight wpb_column vc_column_container vc_col-sm-6 vc_col-lg-offset-1 vc_col-has-fill\"><div class=\"vc_column-inner vc_custom_1594386064167\" style=\"  \"><div class=\"wpb_wrapper\"><\/div><\/div><\/div><\/div>","protected":false},"excerpt":{"rendered":"LinkedIn Youtube Instagram Twitter who we areAbout Us Have a creative idea? Let\u2019s make it a reality! We develop specially designed mobile applications and websites using technologies such as artificial intelligence, augmented reality, internet of things and blockchain. We are proud to have served more than 100 customers from 30 different countries to date. Enterprise [...]","protected":false},"author":1,"featured_media":0,"parent":0,"menu_order":0,"comment_status":"closed","ping_status":"closed","template":"template-landing.php","meta":{"footnotes":""},"acf":[],"yoast_head":"<!-- This site is optimized with the Yoast SEO plugin v21.6 - https:\/\/yoast.com\/wordpress\/plugins\/seo\/ -->\n<title>About Us - CarbonCode Technology<\/title>\n<meta name=\"description\" content=\"Do you have an idea? Let&#039;s make it come true! We develop mobile apps and websites using techs like artificial intelligence, augmented reality, IOT and blockchain\" \/>\n<meta name=\"robots\" content=\"index, follow, max-snippet:-1, max-image-preview:large, max-video-preview:-1\" \/>\n<link rel=\"canonical\" href=\"https:\/\/carboncodetechnology.com\/tr\/about-us\/\" \/>\n<meta property=\"og:locale\" content=\"tr_TR\" \/>\n<meta property=\"og:type\" content=\"article\" \/>\n<meta property=\"og:title\" content=\"About Us - CarbonCode Technology\" \/>\n<meta property=\"og:description\" content=\"Do you have an idea? Let&#039;s make it come true! We develop mobile apps and websites using techs like artificial intelligence, augmented reality, IOT and blockchain\" \/>\n<meta property=\"og:url\" content=\"https:\/\/carboncodetechnology.com\/tr\/about-us\/\" \/>\n<meta property=\"og:site_name\" content=\"CarbonCode Technology\" \/>\n<meta property=\"article:modified_time\" content=\"2022-05-17T12:43:31+00:00\" \/>\n<meta name=\"twitter:card\" content=\"summary_large_image\" \/>\n<meta name=\"twitter:site\" content=\"@CarboncodeTech\" \/>\n<meta name=\"twitter:label1\" content=\"Tahmini okuma s\u00fcresi\" \/>\n\t<meta name=\"twitter:data1\" content=\"1 dakika\" \/>\n<script type=\"application\/ld+json\" class=\"yoast-schema-graph\">{\"@context\":\"https:\/\/schema.org\",\"@graph\":[{\"@type\":\"WebPage\",\"@id\":\"https:\/\/carboncodetechnology.com\/about-us\/\",\"url\":\"https:\/\/carboncodetechnology.com\/about-us\/\",\"name\":\"About Us - CarbonCode Technology\",\"isPartOf\":{\"@id\":\"https:\/\/carboncodetechnology.com\/#website\"},\"datePublished\":\"2018-06-06T13:48:49+00:00\",\"dateModified\":\"2022-05-17T12:43:31+00:00\",\"description\":\"Do you have an idea? Let's make it come true! We develop mobile apps and websites using techs like artificial intelligence, augmented reality, IOT and blockchain\",\"breadcrumb\":{\"@id\":\"https:\/\/carboncodetechnology.com\/about-us\/#breadcrumb\"},\"inLanguage\":\"tr\",\"potentialAction\":[{\"@type\":\"ReadAction\",\"target\":[\"https:\/\/carboncodetechnology.com\/about-us\/\"]}]},{\"@type\":\"BreadcrumbList\",\"@id\":\"https:\/\/carboncodetechnology.com\/about-us\/#breadcrumb\",\"itemListElement\":[{\"@type\":\"ListItem\",\"position\":1,\"name\":\"Home\",\"item\":\"https:\/\/carboncodetechnology.com\/\"},{\"@type\":\"ListItem\",\"position\":2,\"name\":\"About Us\"}]},{\"@type\":\"WebSite\",\"@id\":\"https:\/\/carboncodetechnology.com\/#website\",\"url\":\"https:\/\/carboncodetechnology.com\/\",\"name\":\"CarbonCode Technology\",\"description\":\"We create the future\",\"publisher\":{\"@id\":\"https:\/\/carboncodetechnology.com\/#organization\"},\"potentialAction\":[{\"@type\":\"SearchAction\",\"target\":{\"@type\":\"EntryPoint\",\"urlTemplate\":\"https:\/\/carboncodetechnology.com\/?s={search_term_string}\"},\"query-input\":\"required name=search_term_string\"}],\"inLanguage\":\"tr\"},{\"@type\":\"Organization\",\"@id\":\"https:\/\/carboncodetechnology.com\/#organization\",\"name\":\"CarbonCode Technology\",\"url\":\"https:\/\/carboncodetechnology.com\/\",\"logo\":{\"@type\":\"ImageObject\",\"inLanguage\":\"tr\",\"@id\":\"https:\/\/carboncodetechnology.com\/#\/schema\/logo\/image\/\",\"url\":\"https:\/\/carboncodetechnology.com\/wp-content\/uploads\/2022\/05\/carbon.jpg\",\"contentUrl\":\"https:\/\/carboncodetechnology.com\/wp-content\/uploads\/2022\/05\/carbon.jpg\",\"width\":2000,\"height\":2000,\"caption\":\"CarbonCode Technology\"},\"image\":{\"@id\":\"https:\/\/carboncodetechnology.com\/#\/schema\/logo\/image\/\"},\"sameAs\":[\"https:\/\/twitter.com\/CarboncodeTech\",\"https:\/\/www.instagram.com\/carboncodetechnology\/\",\"https:\/\/www.linkedin.com\/company\/12587438\/admin\/\",\"https:\/\/www.youtube.com\/channel\/UCsuBvWHg6GMRtQ_HnYEPGrQ\"]}]}<\/script>\n<!-- \/ Yoast SEO plugin. -->","yoast_head_json":{"title":"About Us - CarbonCode Technology","description":"Do you have an idea? Let's make it come true! We develop mobile apps and websites using techs like artificial intelligence, augmented reality, IOT and blockchain","robots":{"index":"index","follow":"follow","max-snippet":"max-snippet:-1","max-image-preview":"max-image-preview:large","max-video-preview":"max-video-preview:-1"},"canonical":"https:\/\/carboncodetechnology.com\/tr\/about-us\/","og_locale":"tr_TR","og_type":"article","og_title":"About Us - CarbonCode Technology","og_description":"Do you have an idea? Let's make it come true! We develop mobile apps and websites using techs like artificial intelligence, augmented reality, IOT and blockchain","og_url":"https:\/\/carboncodetechnology.com\/tr\/about-us\/","og_site_name":"CarbonCode Technology","article_modified_time":"2022-05-17T12:43:31+00:00","twitter_card":"summary_large_image","twitter_site":"@CarboncodeTech","twitter_misc":{"Tahmini okuma s\u00fcresi":"1 dakika"},"schema":{"@context":"https:\/\/schema.org","@graph":[{"@type":"WebPage","@id":"https:\/\/carboncodetechnology.com\/about-us\/","url":"https:\/\/carboncodetechnology.com\/about-us\/","name":"About Us - CarbonCode Technology","isPartOf":{"@id":"https:\/\/carboncodetechnology.com\/#website"},"datePublished":"2018-06-06T13:48:49+00:00","dateModified":"2022-05-17T12:43:31+00:00","description":"Do you have an idea? Let's make it come true! We develop mobile apps and websites using techs like artificial intelligence, augmented reality, IOT and blockchain","breadcrumb":{"@id":"https:\/\/carboncodetechnology.com\/about-us\/#breadcrumb"},"inLanguage":"tr","potentialAction":[{"@type":"ReadAction","target":["https:\/\/carboncodetechnology.com\/about-us\/"]}]},{"@type":"BreadcrumbList","@id":"https:\/\/carboncodetechnology.com\/about-us\/#breadcrumb","itemListElement":[{"@type":"ListItem","position":1,"name":"Home","item":"https:\/\/carboncodetechnology.com\/"},{"@type":"ListItem","position":2,"name":"About Us"}]},{"@type":"WebSite","@id":"https:\/\/carboncodetechnology.com\/#website","url":"https:\/\/carboncodetechnology.com\/","name":"CarbonCode Technology","description":"We create the future","publisher":{"@id":"https:\/\/carboncodetechnology.com\/#organization"},"potentialAction":[{"@type":"SearchAction","target":{"@type":"EntryPoint","urlTemplate":"https:\/\/carboncodetechnology.com\/?s={search_term_string}"},"query-input":"required name=search_term_string"}],"inLanguage":"tr"},{"@type":"Organization","@id":"https:\/\/carboncodetechnology.com\/#organization","name":"CarbonCode Technology","url":"https:\/\/carboncodetechnology.com\/","logo":{"@type":"ImageObject","inLanguage":"tr","@id":"https:\/\/carboncodetechnology.com\/#\/schema\/logo\/image\/","url":"https:\/\/carboncodetechnology.com\/wp-content\/uploads\/2022\/05\/carbon.jpg","contentUrl":"https:\/\/carboncodetechnology.com\/wp-content\/uploads\/2022\/05\/carbon.jpg","width":2000,"height":2000,"caption":"CarbonCode Technology"},"image":{"@id":"https:\/\/carboncodetechnology.com\/#\/schema\/logo\/image\/"},"sameAs":["https:\/\/twitter.com\/CarboncodeTech","https:\/\/www.instagram.com\/carboncodetechnology\/","https:\/\/www.linkedin.com\/company\/12587438\/admin\/","https:\/\/www.youtube.com\/channel\/UCsuBvWHg6GMRtQ_HnYEPGrQ"]}]}},"_links":{"self":[{"href":"https:\/\/carboncodetechnology.com\/tr\/wp-json\/wp\/v2\/pages\/265"}],"collection":[{"href":"https:\/\/carboncodetechnology.com\/tr\/wp-json\/wp\/v2\/pages"}],"about":[{"href":"https:\/\/carboncodetechnology.com\/tr\/wp-json\/wp\/v2\/types\/page"}],"author":[{"embeddable":true,"href":"https:\/\/carboncodetechnology.com\/tr\/wp-json\/wp\/v2\/users\/1"}],"replies":[{"embeddable":true,"href":"https:\/\/carboncodetechnology.com\/tr\/wp-json\/wp\/v2\/comments?post=265"}],"version-history":[{"count":2,"href":"https:\/\/carboncodetechnology.com\/tr\/wp-json\/wp\/v2\/pages\/265\/revisions"}],"predecessor-version":[{"id":2479,"href":"https:\/\/carboncodetechnology.com\/tr\/wp-json\/wp\/v2\/pages\/265\/revisions\/2479"}],"wp:attachment":[{"href":"https:\/\/carboncodetechnology.com\/tr\/wp-json\/wp\/v2\/media?parent=265"}],"curies":[{"name":"wp","href":"https:\/\/api.w.org\/{rel}","templated":true}]}}