{"id":2387,"date":"2022-05-09T14:30:18","date_gmt":"2022-05-09T11:30:18","guid":{"rendered":"https:\/\/carboncodetechnology.com\/?page_id=2387"},"modified":"2022-05-10T13:43:21","modified_gmt":"2022-05-10T10:43:21","slug":"en-iyi-mobil-uygulama-yapan-sirketler-ve-mobil-uygulama-gelistirme-firmalari","status":"publish","type":"page","link":"https:\/\/carboncodetechnology.com\/tr\/en-iyi-mobil-uygulama-yapan-sirketler-ve-mobil-uygulama-gelistirme-firmalari\/","title":{"rendered":"En \u0130yi Mobil Uygulama Yapan \u015eirketler"},"content":{"rendered":"<div class=\"vc_row wpb_row vc_row-fluid\" style=\"  \"><div class=\"wpb_column vc_column_container vc_col-sm-12\"><div class=\"vc_column-inner\" style=\"  \"><div class=\"wpb_wrapper\">\n\t<div class=\"wpb_text_column wpb_content_element\" >\n\t\t<div class=\"wpb_wrapper\">\n\t\t\t<p class=\"u-text-large\"><span style=\"font-family: helvetica; font-size: 18px;\">Mobil uygulama projeniz i\u00e7in \u00f6nde gelen bir mobil uygulama geli\u015ftirme \u015firketini bulmak i\u00e7in bir\u00e7ok y\u00f6ntem mevcuttur;<\/span><\/p>\n<p class=\"u-text-large\"><span style=\"font-family: helvetica; font-size: 18px;\">Google gibi arama motorlar\u0131na \u201cen iyi mobil uygulama geli\u015ftirme \u015firketleri\u201d ya da \u201cen iyi mobil uygulama yapan \u015firketler\u201d yazarak arama yapt\u0131\u011f\u0131n\u0131zda bir\u00e7ok firma ile kar\u015f\u0131la\u015f\u0131rs\u0131n\u0131z. <\/span><\/p>\n<p class=\"u-text-large\"><span style=\"font-family: helvetica;\"><span style=\"font-size: 18px;\">Bunun yerine, t\u00fcm d\u00fcnyada mobil uygulama geli\u015ftiren firmalar\u0131 listeleyen g\u00fc\u00e7l\u00fc firma listeleme platformlar\u0131n\u0131 kullanabilirsiniz. Armut, GoodFirms, Clutch, The Manifest bunlara birer \u00f6rnektir.<\/span> <\/span><\/p>\n\n\t\t<\/div>\n\t<\/div>\n<\/div><\/div><\/div><\/div><div class=\"vc_row wpb_row vc_row-fluid\" style=\"  \"><div class=\"wpb_column vc_column_container vc_col-sm-12\"><div class=\"vc_column-inner\" style=\"  \"><div class=\"wpb_wrapper\"><div class=\"vc_separator wpb_content_element vc_separator_align_center vc_sep_width_100 vc_sep_pos_align_center vc_separator_no_text\" ><span class=\"vc_sep_holder vc_sep_holder_l\"><span  style=\"border-color:#e3b96c;\" class=\"vc_sep_line\"><\/span><\/span><span class=\"vc_sep_holder vc_sep_holder_r\"><span  style=\"border-color:#e3b96c;\" class=\"vc_sep_line\"><\/span><\/span>\n<\/div>\n\t<div class=\"wpb_text_column wpb_content_element  wpb_animate_when_almost_visible wpb_fadeInRight fadeInRight\" >\n\t\t<div class=\"wpb_wrapper\">\n\t\t\t<p><span style=\"color: #e0ba2f;\"><span style=\"font-family: helvetica; font-size: 30px; font-weight: 500;\">CarbonCode Technology olarak, d<\/span><span style=\"font-family: helvetica; font-size: 30px; font-weight: 500;\">\u00fcnya genelindeki firma listeleme platformlar\u0131n\u0131n tamam\u0131nda en \u00fcst s\u0131ralarda bulunmaktan ve 5\/5 puan alarak bu alanda k\u0131r\u0131lmas\u0131 zor bir rekora imza atmaktan dolay\u0131 gururluyuz.<\/span><\/span><\/p>\n\n\t\t<\/div>\n\t<\/div>\n<div class=\"vc_separator wpb_content_element vc_separator_align_center vc_sep_width_100 vc_sep_pos_align_center vc_separator_no_text\" ><span class=\"vc_sep_holder vc_sep_holder_l\"><span  style=\"border-color:#e3b96c;\" class=\"vc_sep_line\"><\/span><\/span><span class=\"vc_sep_holder vc_sep_holder_r\"><span  style=\"border-color:#e3b96c;\" class=\"vc_sep_line\"><\/span><\/span>\n<\/div><\/div><\/div><\/div><\/div><div class=\"vc_row wpb_row vc_row-fluid\" style=\"  \"><div class=\"wpb_column vc_column_container vc_col-sm-12\"><div class=\"vc_column-inner\" style=\"  \"><div class=\"wpb_wrapper\"><div class=\"pt-special-heading pt-special-heading-69f53747675d0  wpb_animate_when_almost_visible wpb_fadeInLeft fadeInLeft tal\"><div class=\"heading-container\"><h6 class=\"sub-heading\">T\u00fcm d\u00fcnyadaki m\u00fc\u015fterilerimiz<\/h6><h3 class=\"heading\">M\u00fc\u015fterilerimizden Gelen Yorumlar<\/h3><\/div><\/div><\/div><\/div><\/div><\/div><div class=\"vc_row wpb_row vc_row-fluid\" style=\"  \"><div class=\"wpb_column vc_column_container vc_col-sm-12\"><div class=\"vc_column-inner\" style=\"  \"><div class=\"wpb_wrapper\"><div class=\"wpb_images_carousel wpb_content_element vc_clearfix\"><div class=\"wpb_wrapper\"><div id=\"vc_images-carousel-1-1777678151\" data-ride=\"vc_carousel\" data-wrap=\"false\" style=\"width: 100%;\" data-interval=\"0\" data-auto-height=\"yes\" data-mode=\"horizontal\" data-partial=\"false\" data-per-view=\"5\" data-hide-on-end=\"true\" class=\"vc_slide vc_images_carousel\"><div class=\"vc_carousel-inner\"><div class=\"vc_carousel-slideline\"><div class=\"vc_carousel-slideline-inner\"><div class=\"vc_item\"><div class=\"vc_inner\"><a href=\"https:\/\/www.youtube.com\/watch?v=WjJ7AIF43zw\" target=\"_blank\"><img loading=\"lazy\" decoding=\"async\" width=\"1280\" height=\"800\" src=\"https:\/\/carboncodetechnology.com\/wp-content\/uploads\/2022\/04\/isaac_client.jpeg\" class=\"attachment-full\" alt=\"\" srcset=\"https:\/\/carboncodetechnology.com\/wp-content\/uploads\/2022\/04\/isaac_client.jpeg 1280w, https:\/\/carboncodetechnology.com\/wp-content\/uploads\/2022\/04\/isaac_client-300x188.jpeg 300w, https:\/\/carboncodetechnology.com\/wp-content\/uploads\/2022\/04\/isaac_client-1024x640.jpeg 1024w, https:\/\/carboncodetechnology.com\/wp-content\/uploads\/2022\/04\/isaac_client-768x480.jpeg 768w\" sizes=\"(max-width: 1280px) 100vw, 1280px\" \/><\/a><\/div><\/div><div class=\"vc_item\"><div class=\"vc_inner\"><a href=\"https:\/\/www.youtube.com\/watch?v=BwidlGqM5bc\" target=\"_blank\"><img loading=\"lazy\" decoding=\"async\" width=\"1280\" height=\"800\" src=\"https:\/\/carboncodetechnology.com\/wp-content\/uploads\/2022\/04\/clientnorway.jpeg\" class=\"attachment-full\" alt=\"\" srcset=\"https:\/\/carboncodetechnology.com\/wp-content\/uploads\/2022\/04\/clientnorway.jpeg 1280w, https:\/\/carboncodetechnology.com\/wp-content\/uploads\/2022\/04\/clientnorway-300x188.jpeg 300w, https:\/\/carboncodetechnology.com\/wp-content\/uploads\/2022\/04\/clientnorway-1024x640.jpeg 1024w, https:\/\/carboncodetechnology.com\/wp-content\/uploads\/2022\/04\/clientnorway-768x480.jpeg 768w\" sizes=\"(max-width: 1280px) 100vw, 1280px\" \/><\/a><\/div><\/div><div class=\"vc_item\"><div class=\"vc_inner\"><a href=\"https:\/\/www.youtube.com\/watch?v=rY2SsT_Z6ww\" target=\"_blank\"><img loading=\"lazy\" decoding=\"async\" width=\"1280\" height=\"800\" src=\"https:\/\/carboncodetechnology.com\/wp-content\/uploads\/2022\/04\/clientusa2.jpeg\" class=\"attachment-full\" alt=\"\" srcset=\"https:\/\/carboncodetechnology.com\/wp-content\/uploads\/2022\/04\/clientusa2.jpeg 1280w, https:\/\/carboncodetechnology.com\/wp-content\/uploads\/2022\/04\/clientusa2-300x188.jpeg 300w, https:\/\/carboncodetechnology.com\/wp-content\/uploads\/2022\/04\/clientusa2-1024x640.jpeg 1024w, https:\/\/carboncodetechnology.com\/wp-content\/uploads\/2022\/04\/clientusa2-768x480.jpeg 768w\" sizes=\"(max-width: 1280px) 100vw, 1280px\" \/><\/a><\/div><\/div><div class=\"vc_item\"><div class=\"vc_inner\"><a href=\"https:\/\/www.youtube.com\/watch?v=-589fb79WnE\" target=\"_blank\"><img loading=\"lazy\" decoding=\"async\" width=\"1280\" height=\"800\" src=\"https:\/\/carboncodetechnology.com\/wp-content\/uploads\/2022\/04\/clientgermany.jpeg\" class=\"attachment-full\" alt=\"\" srcset=\"https:\/\/carboncodetechnology.com\/wp-content\/uploads\/2022\/04\/clientgermany.jpeg 1280w, https:\/\/carboncodetechnology.com\/wp-content\/uploads\/2022\/04\/clientgermany-300x188.jpeg 300w, https:\/\/carboncodetechnology.com\/wp-content\/uploads\/2022\/04\/clientgermany-1024x640.jpeg 1024w, https:\/\/carboncodetechnology.com\/wp-content\/uploads\/2022\/04\/clientgermany-768x480.jpeg 768w\" sizes=\"(max-width: 1280px) 100vw, 1280px\" \/><\/a><\/div><\/div><div class=\"vc_item\"><div class=\"vc_inner\"><a href=\"https:\/\/www.youtube.com\/watch?v=6COCGo0mhGc\" target=\"_blank\"><img loading=\"lazy\" decoding=\"async\" width=\"1280\" height=\"800\" src=\"https:\/\/carboncodetechnology.com\/wp-content\/uploads\/2022\/04\/clientchina.jpeg\" class=\"attachment-full\" alt=\"\" srcset=\"https:\/\/carboncodetechnology.com\/wp-content\/uploads\/2022\/04\/clientchina.jpeg 1280w, https:\/\/carboncodetechnology.com\/wp-content\/uploads\/2022\/04\/clientchina-300x188.jpeg 300w, https:\/\/carboncodetechnology.com\/wp-content\/uploads\/2022\/04\/clientchina-1024x640.jpeg 1024w, https:\/\/carboncodetechnology.com\/wp-content\/uploads\/2022\/04\/clientchina-768x480.jpeg 768w\" sizes=\"(max-width: 1280px) 100vw, 1280px\" \/><\/a><\/div><\/div><\/div><\/div><\/div><\/div><\/div><\/div>\n\t<div class=\"wpb_text_column wpb_content_element\" >\n\t\t<div class=\"wpb_wrapper\">\n\t\t\t<p><span style=\"font-family: helvetica;\">Bug\u00fcne kadar 26 farkl\u0131 \u00fclkeden 100\u2019\u00fcn \u00fczerinde m\u00fc\u015fteriye hizmet verdik. Projelerimizde en g\u00fcncel teknolojileri kullanmakta ve \u00f6zel tasar\u0131mlara sahip projeler geli\u015ftirmekteyiz.<\/span><\/p>\n<ul>\n<li><span style=\"font-family: helvetica;\">Yapay Zeka<\/span><\/li>\n<li><span style=\"font-family: helvetica;\">Art\u0131r\u0131lm\u0131\u015f Ger\u00e7eklik<\/span><\/li>\n<li><span style=\"font-family: helvetica;\">Nesnelerin \u0130nterneti<\/span><\/li>\n<li><span style=\"font-family: helvetica;\">Mobil Uygulama Geli\u015ftirme<\/span><\/li>\n<li><span style=\"font-family: helvetica;\">Websitesi Geli\u015ftirme<\/span><\/li>\n<li><span style=\"font-family: helvetica;\">Neuromarketing Stratejileri<\/span><\/li>\n<li><span style=\"font-family: helvetica;\">Kullan\u0131c\u0131 Deneyimine Uygun Tasar\u0131mlar<\/span><\/li>\n<li><span style=\"font-family: helvetica;\">Ak\u0131ll\u0131 Telefon Kullan\u0131c\u0131 N\u00fcfus Analizi<\/span><\/li>\n<li><span style=\"font-family: helvetica;\">Dokunmatik Ekran Stabilizasyonu<\/span><\/li>\n<li><span style=\"font-family: helvetica;\">Kullan\u0131c\u0131 Aray\u00fczlerinin Sistematik ve End\u00fcstriyel Meta Analizi<\/span><\/li>\n<li><span style=\"font-family: helvetica;\">E-ticaret ve Sekt\u00f6rlere \u0130li\u015fkin T\u00fcketici Alg\u0131 ve Tutumlar\u0131n\u0131n Ara\u015ft\u0131r\u0131lmas\u0131<\/span><\/li>\n<li><span style=\"font-family: helvetica;\">End\u00fcstri 5.0 Teknolojisi ile Mobil Uygulamalara Performans Uyarlamas\u0131<\/span><\/li>\n<li><span style=\"font-family: helvetica;\">Mobil Uygulamalarda Kullan\u0131c\u0131 Deneyimi Modellemesi<\/span><\/li>\n<li><span style=\"font-family: helvetica;\">Sekt\u00f6rlere G\u00f6re Mobil ve Web Teknolojilerinin Ticari Rekabet Etkisi Ara\u015ft\u0131rmas\u0131<\/span><\/li>\n<\/ul>\n<p><span style=\"font-family: helvetica;\">gibi i\u015finiz, sekt\u00f6r\u00fcn\u00fcz ve markan\u0131z a\u00e7\u0131s\u0131ndan gerekli t\u00fcm \u00e7al\u0131\u015fmalar\u0131 y\u00fcr\u00fctmekteyiz.<\/span><\/p>\n\n\t\t<\/div>\n\t<\/div>\n<\/div><\/div><\/div><\/div>","protected":false},"excerpt":{"rendered":"Mobil uygulama projeniz i\u00e7in \u00f6nde gelen bir mobil uygulama geli\u015ftirme \u015firketini bulmak i\u00e7in bir\u00e7ok y\u00f6ntem mevcuttur; Google gibi arama motorlar\u0131na \u201cen iyi mobil uygulama geli\u015ftirme \u015firketleri\u201d ya da \u201cen iyi mobil uygulama yapan \u015firketler\u201d yazarak arama yapt\u0131\u011f\u0131n\u0131zda bir\u00e7ok firma ile kar\u015f\u0131la\u015f\u0131rs\u0131n\u0131z. Bunun yerine, t\u00fcm d\u00fcnyada mobil uygulama geli\u015ftiren firmalar\u0131 listeleyen g\u00fc\u00e7l\u00fc firma listeleme platformlar\u0131n\u0131 kullanabilirsiniz. [...]","protected":false},"author":1,"featured_media":0,"parent":0,"menu_order":0,"comment_status":"closed","ping_status":"closed","template":"","meta":{"footnotes":""},"acf":[],"yoast_head":"<!-- This site is optimized with the Yoast SEO plugin v21.6 - https:\/\/yoast.com\/wordpress\/plugins\/seo\/ -->\n<title>En \u0130yi Mobil Uygulama Yapan \u015eirketler<\/title>\n<meta name=\"description\" content=\"T\u00fcrkiye&#039;deki en iyi mobil uygulama yapan \u015firketler hangi \u015firketlerdir? \u0130yi bir yaz\u0131l\u0131m firmas\u0131 nas\u0131l anla\u015f\u0131l\u0131r?\" \/>\n<meta name=\"robots\" content=\"index, follow, max-snippet:-1, max-image-preview:large, max-video-preview:-1\" \/>\n<link rel=\"canonical\" href=\"https:\/\/carboncodetechnology.com\/tr\/en-iyi-mobil-uygulama-yapan-sirketler-ve-mobil-uygulama-gelistirme-firmalari\/\" \/>\n<meta property=\"og:locale\" content=\"tr_TR\" \/>\n<meta property=\"og:type\" content=\"article\" \/>\n<meta property=\"og:title\" content=\"En \u0130yi Mobil Uygulama Yapan \u015eirketler\" \/>\n<meta property=\"og:description\" content=\"T\u00fcrkiye&#039;deki en iyi mobil uygulama yapan \u015firketler hangi \u015firketlerdir? \u0130yi bir yaz\u0131l\u0131m firmas\u0131 nas\u0131l anla\u015f\u0131l\u0131r?\" \/>\n<meta property=\"og:url\" content=\"https:\/\/carboncodetechnology.com\/tr\/en-iyi-mobil-uygulama-yapan-sirketler-ve-mobil-uygulama-gelistirme-firmalari\/\" \/>\n<meta property=\"og:site_name\" content=\"CarbonCode Technology\" \/>\n<meta property=\"article:modified_time\" content=\"2022-05-10T10:43:21+00:00\" \/>\n<meta name=\"twitter:card\" content=\"summary_large_image\" \/>\n<meta name=\"twitter:site\" content=\"@CarboncodeTech\" \/>\n<meta name=\"twitter:label1\" content=\"Tahmini okuma s\u00fcresi\" \/>\n\t<meta name=\"twitter:data1\" content=\"2 dakika\" \/>\n<script type=\"application\/ld+json\" class=\"yoast-schema-graph\">{\"@context\":\"https:\/\/schema.org\",\"@graph\":[{\"@type\":\"WebPage\",\"@id\":\"https:\/\/carboncodetechnology.com\/en-iyi-mobil-uygulama-yapan-sirketler-ve-mobil-uygulama-gelistirme-firmalari\/\",\"url\":\"https:\/\/carboncodetechnology.com\/en-iyi-mobil-uygulama-yapan-sirketler-ve-mobil-uygulama-gelistirme-firmalari\/\",\"name\":\"En \u0130yi Mobil Uygulama Yapan \u015eirketler\",\"isPartOf\":{\"@id\":\"https:\/\/carboncodetechnology.com\/#website\"},\"datePublished\":\"2022-05-09T11:30:18+00:00\",\"dateModified\":\"2022-05-10T10:43:21+00:00\",\"description\":\"T\u00fcrkiye'deki en iyi mobil uygulama yapan \u015firketler hangi \u015firketlerdir? \u0130yi bir yaz\u0131l\u0131m firmas\u0131 nas\u0131l anla\u015f\u0131l\u0131r?\",\"breadcrumb\":{\"@id\":\"https:\/\/carboncodetechnology.com\/en-iyi-mobil-uygulama-yapan-sirketler-ve-mobil-uygulama-gelistirme-firmalari\/#breadcrumb\"},\"inLanguage\":\"tr\",\"potentialAction\":[{\"@type\":\"ReadAction\",\"target\":[\"https:\/\/carboncodetechnology.com\/en-iyi-mobil-uygulama-yapan-sirketler-ve-mobil-uygulama-gelistirme-firmalari\/\"]}]},{\"@type\":\"BreadcrumbList\",\"@id\":\"https:\/\/carboncodetechnology.com\/en-iyi-mobil-uygulama-yapan-sirketler-ve-mobil-uygulama-gelistirme-firmalari\/#breadcrumb\",\"itemListElement\":[{\"@type\":\"ListItem\",\"position\":1,\"name\":\"Home\",\"item\":\"https:\/\/carboncodetechnology.com\/\"},{\"@type\":\"ListItem\",\"position\":2,\"name\":\"En \u0130yi Mobil Uygulama Yapan \u015eirketler\"}]},{\"@type\":\"WebSite\",\"@id\":\"https:\/\/carboncodetechnology.com\/#website\",\"url\":\"https:\/\/carboncodetechnology.com\/\",\"name\":\"CarbonCode Technology\",\"description\":\"We create the future\",\"publisher\":{\"@id\":\"https:\/\/carboncodetechnology.com\/#organization\"},\"potentialAction\":[{\"@type\":\"SearchAction\",\"target\":{\"@type\":\"EntryPoint\",\"urlTemplate\":\"https:\/\/carboncodetechnology.com\/?s={search_term_string}\"},\"query-input\":\"required name=search_term_string\"}],\"inLanguage\":\"tr\"},{\"@type\":\"Organization\",\"@id\":\"https:\/\/carboncodetechnology.com\/#organization\",\"name\":\"CarbonCode Technology\",\"url\":\"https:\/\/carboncodetechnology.com\/\",\"logo\":{\"@type\":\"ImageObject\",\"inLanguage\":\"tr\",\"@id\":\"https:\/\/carboncodetechnology.com\/#\/schema\/logo\/image\/\",\"url\":\"https:\/\/carboncodetechnology.com\/wp-content\/uploads\/2022\/05\/carbon.jpg\",\"contentUrl\":\"https:\/\/carboncodetechnology.com\/wp-content\/uploads\/2022\/05\/carbon.jpg\",\"width\":2000,\"height\":2000,\"caption\":\"CarbonCode Technology\"},\"image\":{\"@id\":\"https:\/\/carboncodetechnology.com\/#\/schema\/logo\/image\/\"},\"sameAs\":[\"https:\/\/twitter.com\/CarboncodeTech\",\"https:\/\/www.instagram.com\/carboncodetechnology\/\",\"https:\/\/www.linkedin.com\/company\/12587438\/admin\/\",\"https:\/\/www.youtube.com\/channel\/UCsuBvWHg6GMRtQ_HnYEPGrQ\"]}]}<\/script>\n<!-- \/ Yoast SEO plugin. -->","yoast_head_json":{"title":"En \u0130yi Mobil Uygulama Yapan \u015eirketler","description":"T\u00fcrkiye'deki en iyi mobil uygulama yapan \u015firketler hangi \u015firketlerdir? \u0130yi bir yaz\u0131l\u0131m firmas\u0131 nas\u0131l anla\u015f\u0131l\u0131r?","robots":{"index":"index","follow":"follow","max-snippet":"max-snippet:-1","max-image-preview":"max-image-preview:large","max-video-preview":"max-video-preview:-1"},"canonical":"https:\/\/carboncodetechnology.com\/tr\/en-iyi-mobil-uygulama-yapan-sirketler-ve-mobil-uygulama-gelistirme-firmalari\/","og_locale":"tr_TR","og_type":"article","og_title":"En \u0130yi Mobil Uygulama Yapan \u015eirketler","og_description":"T\u00fcrkiye'deki en iyi mobil uygulama yapan \u015firketler hangi \u015firketlerdir? \u0130yi bir yaz\u0131l\u0131m firmas\u0131 nas\u0131l anla\u015f\u0131l\u0131r?","og_url":"https:\/\/carboncodetechnology.com\/tr\/en-iyi-mobil-uygulama-yapan-sirketler-ve-mobil-uygulama-gelistirme-firmalari\/","og_site_name":"CarbonCode Technology","article_modified_time":"2022-05-10T10:43:21+00:00","twitter_card":"summary_large_image","twitter_site":"@CarboncodeTech","twitter_misc":{"Tahmini okuma s\u00fcresi":"2 dakika"},"schema":{"@context":"https:\/\/schema.org","@graph":[{"@type":"WebPage","@id":"https:\/\/carboncodetechnology.com\/en-iyi-mobil-uygulama-yapan-sirketler-ve-mobil-uygulama-gelistirme-firmalari\/","url":"https:\/\/carboncodetechnology.com\/en-iyi-mobil-uygulama-yapan-sirketler-ve-mobil-uygulama-gelistirme-firmalari\/","name":"En \u0130yi Mobil Uygulama Yapan \u015eirketler","isPartOf":{"@id":"https:\/\/carboncodetechnology.com\/#website"},"datePublished":"2022-05-09T11:30:18+00:00","dateModified":"2022-05-10T10:43:21+00:00","description":"T\u00fcrkiye'deki en iyi mobil uygulama yapan \u015firketler hangi \u015firketlerdir? \u0130yi bir yaz\u0131l\u0131m firmas\u0131 nas\u0131l anla\u015f\u0131l\u0131r?","breadcrumb":{"@id":"https:\/\/carboncodetechnology.com\/en-iyi-mobil-uygulama-yapan-sirketler-ve-mobil-uygulama-gelistirme-firmalari\/#breadcrumb"},"inLanguage":"tr","potentialAction":[{"@type":"ReadAction","target":["https:\/\/carboncodetechnology.com\/en-iyi-mobil-uygulama-yapan-sirketler-ve-mobil-uygulama-gelistirme-firmalari\/"]}]},{"@type":"BreadcrumbList","@id":"https:\/\/carboncodetechnology.com\/en-iyi-mobil-uygulama-yapan-sirketler-ve-mobil-uygulama-gelistirme-firmalari\/#breadcrumb","itemListElement":[{"@type":"ListItem","position":1,"name":"Home","item":"https:\/\/carboncodetechnology.com\/"},{"@type":"ListItem","position":2,"name":"En \u0130yi Mobil Uygulama Yapan \u015eirketler"}]},{"@type":"WebSite","@id":"https:\/\/carboncodetechnology.com\/#website","url":"https:\/\/carboncodetechnology.com\/","name":"CarbonCode Technology","description":"We create the future","publisher":{"@id":"https:\/\/carboncodetechnology.com\/#organization"},"potentialAction":[{"@type":"SearchAction","target":{"@type":"EntryPoint","urlTemplate":"https:\/\/carboncodetechnology.com\/?s={search_term_string}"},"query-input":"required name=search_term_string"}],"inLanguage":"tr"},{"@type":"Organization","@id":"https:\/\/carboncodetechnology.com\/#organization","name":"CarbonCode Technology","url":"https:\/\/carboncodetechnology.com\/","logo":{"@type":"ImageObject","inLanguage":"tr","@id":"https:\/\/carboncodetechnology.com\/#\/schema\/logo\/image\/","url":"https:\/\/carboncodetechnology.com\/wp-content\/uploads\/2022\/05\/carbon.jpg","contentUrl":"https:\/\/carboncodetechnology.com\/wp-content\/uploads\/2022\/05\/carbon.jpg","width":2000,"height":2000,"caption":"CarbonCode Technology"},"image":{"@id":"https:\/\/carboncodetechnology.com\/#\/schema\/logo\/image\/"},"sameAs":["https:\/\/twitter.com\/CarboncodeTech","https:\/\/www.instagram.com\/carboncodetechnology\/","https:\/\/www.linkedin.com\/company\/12587438\/admin\/","https:\/\/www.youtube.com\/channel\/UCsuBvWHg6GMRtQ_HnYEPGrQ"]}]}},"_links":{"self":[{"href":"https:\/\/carboncodetechnology.com\/tr\/wp-json\/wp\/v2\/pages\/2387"}],"collection":[{"href":"https:\/\/carboncodetechnology.com\/tr\/wp-json\/wp\/v2\/pages"}],"about":[{"href":"https:\/\/carboncodetechnology.com\/tr\/wp-json\/wp\/v2\/types\/page"}],"author":[{"embeddable":true,"href":"https:\/\/carboncodetechnology.com\/tr\/wp-json\/wp\/v2\/users\/1"}],"replies":[{"embeddable":true,"href":"https:\/\/carboncodetechnology.com\/tr\/wp-json\/wp\/v2\/comments?post=2387"}],"version-history":[{"count":21,"href":"https:\/\/carboncodetechnology.com\/tr\/wp-json\/wp\/v2\/pages\/2387\/revisions"}],"predecessor-version":[{"id":2460,"href":"https:\/\/carboncodetechnology.com\/tr\/wp-json\/wp\/v2\/pages\/2387\/revisions\/2460"}],"wp:attachment":[{"href":"https:\/\/carboncodetechnology.com\/tr\/wp-json\/wp\/v2\/media?parent=2387"}],"curies":[{"name":"wp","href":"https:\/\/api.w.org\/{rel}","templated":true}]}}