{"id":2,"date":"2018-06-05T09:46:52","date_gmt":"2018-06-05T09:46:52","guid":{"rendered":"http:\/\/localhost:8888\/carbon\/?page_id=2"},"modified":"2020-07-08T14:01:29","modified_gmt":"2020-07-08T11:01:29","slug":"career","status":"publish","type":"page","link":"https:\/\/carboncodetechnology.com\/tr\/career\/","title":{"rendered":"Kariyer"},"content":{"rendered":"<div data-vc-full-width=\"true\" data-vc-full-width-init=\"false\" data-vc-stretch-content=\"true\" class=\"vc_row wpb_row vc_row-fluid vc_row-no-padding\" style=\"  \"><div class=\"wpb_column vc_column_container vc_col-sm-12\"><div class=\"vc_column-inner\" style=\"  \"><div class=\"wpb_wrapper\"><div class=\"banner-area banner-5f02456615e19 autoplay-true\"><div class=\"banner-social-buttons\"><div><a href=\"https:\/\/www.linkedin.com\/company\/12587438\/\" target=\"_blank\"><i class=\"fa fa-linkedin\"><\/i> <span>LinkedIn<\/span><\/a><a href=\"https:\/\/www.youtube.com\/channel\/UCsuBvWHg6GMRtQ_HnYEPGrQ\" target=\"_blank\"><i class=\"fa fa-youtube\"><\/i> <span>Youtube<\/span><\/a><a href=\"https:\/\/www.instagram.com\/carboncodetechnology\/\" target=\"_blank\"><i class=\"fa fa-instagram\"><\/i> <span>Instagram<\/span><\/a><a href=\"https:\/\/twitter.com\/CarboncodeTech\" target=\"_blank\"><i class=\"fa fa-twitter\"><\/i> <span>Twitter<\/span><\/a><\/div><\/div><div class=\"banner  fixed-height navigation-style1\" style=\"height: 475px;\"><div class=\"item banner-item-69e07ba13e1b6 bottom black\" style=\"background-image: url(https:\/\/carboncodetechnology.com\/wp-content\/uploads\/2020\/07\/tokalas\u0327ma1-scaled.jpg);\"><div class=\"overlay\"><\/div><div class=\"container\"><div class=\"cell\"><\/div><\/div><\/div><\/div><div class=\"slider-navigation slider-navigation-style1\">\r\n                    <div class=\"container\">\r\n                        <div class=\"count\"><\/div>\r\n                        <div class=\"line\"><div style=\"transition-duration: 5000ms;\"><\/div><\/div>\r\n                        <div class=\"arrows\">\r\n                            <div class=\"prev solid-arrow-collection-left-chevron-1\"><\/div>\r\n                            <div class=\"next solid-arrow-collection-right-chevron-1\"><\/div>\r\n                        <\/div>\r\n                    <\/div>\r\n                <\/div><\/div><\/div><\/div><\/div><\/div><div class=\"vc_row-full-width vc_clearfix\"><\/div><div class=\"vc_row wpb_row vc_row-fluid\" style=\"  \"><div class=\"wpb_column vc_column_container vc_col-sm-12\"><div class=\"vc_column-inner\" style=\"  \"><div class=\"wpb_wrapper\"><div class=\"vc_empty_space\"   style=\"height: 32px\"><span class=\"vc_empty_space_inner\"><\/span><\/div><div class=\"pt-special-heading pt-special-heading-5f0246d6adb6d  wpb_animate_when_almost_visible wpb_fadeInLeft fadeInLeft tal decor-line-on-bottom\"><h6 class=\"sub-heading\">EK\u0130B\u0130M\u0130ZE KATIL<\/h6><h3 class=\"heading\">CarbonCode'da Kariyer<\/h3><\/div><\/div><\/div><\/div><\/div><div class=\"vc_row wpb_row vc_row-fluid\" style=\"  \"><div class=\"wpb_column vc_column_container vc_col-sm-12\"><div class=\"vc_column-inner\" style=\"  \"><div class=\"wpb_wrapper\">\n\t<div class=\"wpb_text_column wpb_content_element  wpb_animate_when_almost_visible wpb_fadeInUp fadeInUp\" >\n\t\t<div class=\"wpb_wrapper\">\n\t\t\t<p>CarbonCode'un s\u00fcrekli geli\u015fen ve kendini yenileyen yap\u0131s\u0131 i\u00e7erisinde performans\u0131yla fark yaratacak adaylar ba\u015fvurular\u0131n\u0131 web sitemiz \u00fczerinden yapabilirler.<\/p>\n<p>Sizi her y\u00f6nden geli\u015fmeyi sa\u011flayan, motive eden, ba\u015far\u0131ya y\u00f6nlendiren ve s\u00fcrekli geli\u015fmeyi sa\u011flayan samimi bir \u00e7al\u0131\u015fma ortam\u0131na davet ediyoruz. Kendinizi tan\u0131tmak ve yetkinliklerinizi sunmak isterseniz CV'nizi \u015fu adresi g\u00f6nderebilirsiniz; <a style=\"font-family: 'IBM Plex Sans';\" href=\"mailto:info@carboncodetechnology.com\" target=\"_blank\" rel=\"noopener noreferrer\">info@carboncodetechnology.com<\/a>.<\/p>\n<section class=\"elementor-element elementor-element-d05581a elementor-section-boxed elementor-section-height-default elementor-section-height-default elementor-section elementor-inner-section eael-particles-section\" data-id=\"d05581a\" data-settings=\"{&quot;background_background&quot;:&quot;classic&quot;}\" data-element_type=\"section\">\n<div class=\"elementor-container elementor-column-gap-default\">\n<div class=\"elementor-row\">\n<div class=\"elementor-element elementor-element-77ca653 elementor-column elementor-col-33 elementor-inner-column\" data-id=\"77ca653\" data-element_type=\"column\">\n<div class=\"elementor-column-wrap elementor-element-populated\">\n<div class=\"elementor-widget-wrap\">\n<div class=\"elementor-element elementor-element-f042599 elementor-position-top elementor-vertical-align-top elementor-widget elementor-widget-image-box\" data-id=\"f042599\" data-element_type=\"image-box.default\">\n<div class=\"elementor-widget-container\">\n<div class=\"elementor-image-box-wrapper\">\n<div class=\"elementor-image-box-content\"><\/div>\n<\/div>\n<\/div>\n<\/div>\n<\/div>\n<\/div>\n<\/div>\n<\/div>\n<\/div>\n<\/section>\n\n\t\t<\/div>\n\t<\/div>\n<\/div><\/div><\/div><\/div>","protected":false},"excerpt":{"rendered":"LinkedIn Youtube Instagram Twitter JOIN OUR TEAMCareer at CarbonCode Candidates who will make a difference with their performance within the constantly developing and self-renewing structure of CarbonCode, can submit their applications over our website. We are inviting you to a sincere working environment that ensures development in all respects, motivates, directs towards success and ensures [...]","protected":false},"author":1,"featured_media":0,"parent":0,"menu_order":0,"comment_status":"closed","ping_status":"open","template":"template-landing.php","meta":{"footnotes":""},"acf":[],"yoast_head":"<!-- This site is optimized with the Yoast SEO plugin v21.6 - https:\/\/yoast.com\/wordpress\/plugins\/seo\/ -->\n<title>Career - CarbonCode Technology<\/title>\n<meta name=\"description\" content=\"Do you have an idea? Let&#039;s make it come true! We develop mobile apps and websites using techs like artificial intelligence, augmented reality, IOT and blockchain\" \/>\n<meta name=\"robots\" content=\"index, follow, max-snippet:-1, max-image-preview:large, max-video-preview:-1\" \/>\n<link rel=\"canonical\" href=\"https:\/\/carboncodetechnology.com\/tr\/career\/\" \/>\n<meta property=\"og:locale\" content=\"tr_TR\" \/>\n<meta property=\"og:type\" content=\"article\" \/>\n<meta property=\"og:title\" content=\"Career - CarbonCode Technology\" \/>\n<meta property=\"og:description\" content=\"Do you have an idea? Let&#039;s make it come true! We develop mobile apps and websites using techs like artificial intelligence, augmented reality, IOT and blockchain\" \/>\n<meta property=\"og:url\" content=\"https:\/\/carboncodetechnology.com\/tr\/career\/\" \/>\n<meta property=\"og:site_name\" content=\"CarbonCode Technology\" \/>\n<meta property=\"article:modified_time\" content=\"2020-07-08T11:01:29+00:00\" \/>\n<meta name=\"twitter:card\" content=\"summary_large_image\" \/>\n<meta name=\"twitter:site\" content=\"@CarboncodeTech\" \/>\n<meta name=\"twitter:label1\" content=\"Tahmini okuma s\u00fcresi\" \/>\n\t<meta name=\"twitter:data1\" content=\"1 dakika\" \/>\n<script type=\"application\/ld+json\" class=\"yoast-schema-graph\">{\"@context\":\"https:\/\/schema.org\",\"@graph\":[{\"@type\":\"WebPage\",\"@id\":\"https:\/\/carboncodetechnology.com\/tr\/career\/\",\"url\":\"https:\/\/carboncodetechnology.com\/tr\/career\/\",\"name\":\"Career - CarbonCode Technology\",\"isPartOf\":{\"@id\":\"https:\/\/carboncodetechnology.com\/#website\"},\"datePublished\":\"2018-06-05T09:46:52+00:00\",\"dateModified\":\"2020-07-08T11:01:29+00:00\",\"description\":\"Do you have an idea? Let's make it come true! We develop mobile apps and websites using techs like artificial intelligence, augmented reality, IOT and blockchain\",\"breadcrumb\":{\"@id\":\"https:\/\/carboncodetechnology.com\/tr\/career\/#breadcrumb\"},\"inLanguage\":\"tr\",\"potentialAction\":[{\"@type\":\"ReadAction\",\"target\":[\"https:\/\/carboncodetechnology.com\/tr\/career\/\"]}]},{\"@type\":\"BreadcrumbList\",\"@id\":\"https:\/\/carboncodetechnology.com\/tr\/career\/#breadcrumb\",\"itemListElement\":[{\"@type\":\"ListItem\",\"position\":1,\"name\":\"Home\",\"item\":\"https:\/\/carboncodetechnology.com\/\"},{\"@type\":\"ListItem\",\"position\":2,\"name\":\"Career\"}]},{\"@type\":\"WebSite\",\"@id\":\"https:\/\/carboncodetechnology.com\/#website\",\"url\":\"https:\/\/carboncodetechnology.com\/\",\"name\":\"CarbonCode Technology\",\"description\":\"We create the future\",\"publisher\":{\"@id\":\"https:\/\/carboncodetechnology.com\/#organization\"},\"potentialAction\":[{\"@type\":\"SearchAction\",\"target\":{\"@type\":\"EntryPoint\",\"urlTemplate\":\"https:\/\/carboncodetechnology.com\/?s={search_term_string}\"},\"query-input\":\"required name=search_term_string\"}],\"inLanguage\":\"tr\"},{\"@type\":\"Organization\",\"@id\":\"https:\/\/carboncodetechnology.com\/#organization\",\"name\":\"CarbonCode Technology\",\"url\":\"https:\/\/carboncodetechnology.com\/\",\"logo\":{\"@type\":\"ImageObject\",\"inLanguage\":\"tr\",\"@id\":\"https:\/\/carboncodetechnology.com\/#\/schema\/logo\/image\/\",\"url\":\"https:\/\/carboncodetechnology.com\/wp-content\/uploads\/2022\/05\/carbon.jpg\",\"contentUrl\":\"https:\/\/carboncodetechnology.com\/wp-content\/uploads\/2022\/05\/carbon.jpg\",\"width\":2000,\"height\":2000,\"caption\":\"CarbonCode Technology\"},\"image\":{\"@id\":\"https:\/\/carboncodetechnology.com\/#\/schema\/logo\/image\/\"},\"sameAs\":[\"https:\/\/twitter.com\/CarboncodeTech\",\"https:\/\/www.instagram.com\/carboncodetechnology\/\",\"https:\/\/www.linkedin.com\/company\/12587438\/admin\/\",\"https:\/\/www.youtube.com\/channel\/UCsuBvWHg6GMRtQ_HnYEPGrQ\"]}]}<\/script>\n<!-- \/ Yoast SEO plugin. -->","yoast_head_json":{"title":"Career - CarbonCode Technology","description":"Do you have an idea? Let's make it come true! We develop mobile apps and websites using techs like artificial intelligence, augmented reality, IOT and blockchain","robots":{"index":"index","follow":"follow","max-snippet":"max-snippet:-1","max-image-preview":"max-image-preview:large","max-video-preview":"max-video-preview:-1"},"canonical":"https:\/\/carboncodetechnology.com\/tr\/career\/","og_locale":"tr_TR","og_type":"article","og_title":"Career - CarbonCode Technology","og_description":"Do you have an idea? Let's make it come true! We develop mobile apps and websites using techs like artificial intelligence, augmented reality, IOT and blockchain","og_url":"https:\/\/carboncodetechnology.com\/tr\/career\/","og_site_name":"CarbonCode Technology","article_modified_time":"2020-07-08T11:01:29+00:00","twitter_card":"summary_large_image","twitter_site":"@CarboncodeTech","twitter_misc":{"Tahmini okuma s\u00fcresi":"1 dakika"},"schema":{"@context":"https:\/\/schema.org","@graph":[{"@type":"WebPage","@id":"https:\/\/carboncodetechnology.com\/tr\/career\/","url":"https:\/\/carboncodetechnology.com\/tr\/career\/","name":"Career - CarbonCode Technology","isPartOf":{"@id":"https:\/\/carboncodetechnology.com\/#website"},"datePublished":"2018-06-05T09:46:52+00:00","dateModified":"2020-07-08T11:01:29+00:00","description":"Do you have an idea? Let's make it come true! We develop mobile apps and websites using techs like artificial intelligence, augmented reality, IOT and blockchain","breadcrumb":{"@id":"https:\/\/carboncodetechnology.com\/tr\/career\/#breadcrumb"},"inLanguage":"tr","potentialAction":[{"@type":"ReadAction","target":["https:\/\/carboncodetechnology.com\/tr\/career\/"]}]},{"@type":"BreadcrumbList","@id":"https:\/\/carboncodetechnology.com\/tr\/career\/#breadcrumb","itemListElement":[{"@type":"ListItem","position":1,"name":"Home","item":"https:\/\/carboncodetechnology.com\/"},{"@type":"ListItem","position":2,"name":"Career"}]},{"@type":"WebSite","@id":"https:\/\/carboncodetechnology.com\/#website","url":"https:\/\/carboncodetechnology.com\/","name":"CarbonCode Technology","description":"We create the future","publisher":{"@id":"https:\/\/carboncodetechnology.com\/#organization"},"potentialAction":[{"@type":"SearchAction","target":{"@type":"EntryPoint","urlTemplate":"https:\/\/carboncodetechnology.com\/?s={search_term_string}"},"query-input":"required name=search_term_string"}],"inLanguage":"tr"},{"@type":"Organization","@id":"https:\/\/carboncodetechnology.com\/#organization","name":"CarbonCode Technology","url":"https:\/\/carboncodetechnology.com\/","logo":{"@type":"ImageObject","inLanguage":"tr","@id":"https:\/\/carboncodetechnology.com\/#\/schema\/logo\/image\/","url":"https:\/\/carboncodetechnology.com\/wp-content\/uploads\/2022\/05\/carbon.jpg","contentUrl":"https:\/\/carboncodetechnology.com\/wp-content\/uploads\/2022\/05\/carbon.jpg","width":2000,"height":2000,"caption":"CarbonCode Technology"},"image":{"@id":"https:\/\/carboncodetechnology.com\/#\/schema\/logo\/image\/"},"sameAs":["https:\/\/twitter.com\/CarboncodeTech","https:\/\/www.instagram.com\/carboncodetechnology\/","https:\/\/www.linkedin.com\/company\/12587438\/admin\/","https:\/\/www.youtube.com\/channel\/UCsuBvWHg6GMRtQ_HnYEPGrQ"]}]}},"_links":{"self":[{"href":"https:\/\/carboncodetechnology.com\/tr\/wp-json\/wp\/v2\/pages\/2"}],"collection":[{"href":"https:\/\/carboncodetechnology.com\/tr\/wp-json\/wp\/v2\/pages"}],"about":[{"href":"https:\/\/carboncodetechnology.com\/tr\/wp-json\/wp\/v2\/types\/page"}],"author":[{"embeddable":true,"href":"https:\/\/carboncodetechnology.com\/tr\/wp-json\/wp\/v2\/users\/1"}],"replies":[{"embeddable":true,"href":"https:\/\/carboncodetechnology.com\/tr\/wp-json\/wp\/v2\/comments?post=2"}],"version-history":[{"count":0,"href":"https:\/\/carboncodetechnology.com\/tr\/wp-json\/wp\/v2\/pages\/2\/revisions"}],"wp:attachment":[{"href":"https:\/\/carboncodetechnology.com\/tr\/wp-json\/wp\/v2\/media?parent=2"}],"curies":[{"name":"wp","href":"https:\/\/api.w.org\/{rel}","templated":true}]}}