{"id":1664,"date":"2020-06-29T00:24:29","date_gmt":"2020-06-28T21:24:29","guid":{"rendered":"http:\/\/localhost:8888\/carbon\/?page_id=1664"},"modified":"2024-10-09T12:43:00","modified_gmt":"2024-10-09T09:43:00","slug":"our-clients","status":"publish","type":"page","link":"https:\/\/carboncodetechnology.com\/tr\/our-clients\/","title":{"rendered":"M\u00fc\u015fterilerimiz"},"content":{"rendered":"<div class=\"vc_row wpb_row vc_row-fluid\" style=\"  \"><div class=\"wpb_column vc_column_container vc_col-sm-12\"><div class=\"vc_column-inner\" style=\"  \"><div class=\"wpb_wrapper\"><div class=\"pt-special-heading pt-special-heading-5ef911a081341  wpb_animate_when_almost_visible wpb_fadeInLeft fadeInLeft tal decor-line-on-bottom\"><h6 class=\"sub-heading\">M\u00fc\u015fterilerimiz<\/h6><h3 class=\"heading\">M\u00fc\u015fterilerimizin Yorumlar\u0131<\/h3><\/div><\/div><\/div><\/div><\/div><div class=\"vc_row wpb_row vc_row-fluid\" style=\"  \"><div class=\"wpb_column vc_column_container vc_col-sm-4\"><div class=\"vc_column-inner\" style=\"background-position: center top !important;  \"><div class=\"wpb_wrapper\"><div class=\"video-block video-block-69e07bf6c8f11 white with-content popup-gallery  wpb_animate_when_almost_visible wpb_fadeInDown fadeInDown\"><div class=\"popup-item\" style=\"background-image: url(https:\/\/carboncodetechnology.com\/wp-content\/uploads\/2022\/04\/isaac_client.jpeg);\"><div class=\"area\"><div class=\"content\"><div class=\"sub-h\">CHICAGO, ABD<\/div><\/div><a href=\"#\" data-type=\"video\" data-size=\"960x640\" data-video='<div class=\"wrapper\"><div class=\"video-wrapper\"><iframe loading=\"lazy\" class=\"pswp__video\" width=\"1920\" height=\"1080\" src=\"https:\/\/youtube.com\/embed\/WjJ7AIF43zw?rel=0&#038;controls=0&#038;showinfo=0\" frameborder=\"0\" allowfullscreen><\/iframe><\/div><\/div>'><div><i class=\"ui-interface-play-button\"><\/i><\/div><\/a><\/div><\/div><\/div><div class=\"video-block video-block-69e07bf6c91b2 white with-content popup-gallery  wpb_animate_when_almost_visible wpb_fadeInDown fadeInDown\"><div class=\"popup-item\" style=\"background-image: url(https:\/\/carboncodetechnology.com\/wp-content\/uploads\/2022\/04\/clientgermany.jpeg);\"><div class=\"area\"><div class=\"content\"><div class=\"sub-h\">Bremen, Almanya<\/div><\/div><a href=\"#\" data-type=\"video\" data-size=\"960x640\" data-video='<div class=\"wrapper\"><div class=\"video-wrapper\"><iframe loading=\"lazy\" class=\"pswp__video\" width=\"1920\" height=\"1080\" src=\"https:\/\/youtube.com\/embed\/-589fb79WnE?rel=0&#038;controls=0&#038;showinfo=0\" frameborder=\"0\" allowfullscreen><\/iframe><\/div><\/div>'><div><i class=\"ui-interface-play-button\"><\/i><\/div><\/a><\/div><\/div><\/div><\/div><\/div><\/div><div class=\"wpb_column vc_column_container vc_col-sm-4\"><div class=\"vc_column-inner\" style=\"  \"><div class=\"wpb_wrapper\"><div class=\"video-block video-block-69e07bf6c94e5 white with-content popup-gallery  wpb_animate_when_almost_visible wpb_fadeInLeft fadeInLeft\"><div class=\"popup-item\" style=\"background-image: url(https:\/\/carboncodetechnology.com\/wp-content\/uploads\/2022\/04\/clientnorway.jpeg);\"><div class=\"area\"><div class=\"content\"><div class=\"sub-h\">Oslo, Norve\u00e7<\/div><\/div><a href=\"#\" data-type=\"video\" data-size=\"960x640\" data-video='<div class=\"wrapper\"><div class=\"video-wrapper\"><iframe loading=\"lazy\" class=\"pswp__video\" width=\"1920\" height=\"1080\" src=\"https:\/\/youtube.com\/embed\/BwidlGqM5bc?rel=0&#038;controls=0&#038;showinfo=0\" frameborder=\"0\" allowfullscreen><\/iframe><\/div><\/div>'><div><i class=\"ui-interface-play-button\"><\/i><\/div><\/a><\/div><\/div><\/div><div class=\"video-block video-block-69e07bf6c96bc white with-content popup-gallery  wpb_animate_when_almost_visible wpb_fadeInUp fadeInUp\"><div class=\"popup-item\" style=\"background-image: url(https:\/\/carboncodetechnology.com\/wp-content\/uploads\/2022\/04\/clientchina.jpeg);\"><div class=\"area\"><div class=\"content\"><div class=\"sub-h\">Hong Kong, \u00c7in<\/div><\/div><a href=\"#\" data-type=\"video\" data-size=\"960x640\" data-video='<div class=\"wrapper\"><div class=\"video-wrapper\"><iframe loading=\"lazy\" class=\"pswp__video\" width=\"1920\" height=\"1080\" src=\"https:\/\/youtube.com\/embed\/6COCGo0mhGc?rel=0&#038;controls=0&#038;showinfo=0\" frameborder=\"0\" allowfullscreen><\/iframe><\/div><\/div>'><div><i class=\"ui-interface-play-button\"><\/i><\/div><\/a><\/div><\/div><\/div><\/div><\/div><\/div><div class=\"wpb_column vc_column_container vc_col-sm-4\"><div class=\"vc_column-inner\" style=\"  \"><div class=\"wpb_wrapper\"><div class=\"video-block video-block-69e07bf6c9e20 white with-content popup-gallery  wpb_animate_when_almost_visible wpb_fadeInRight fadeInRight\"><div class=\"popup-item\" style=\"background-image: url(https:\/\/carboncodetechnology.com\/wp-content\/uploads\/2022\/04\/clientusa2.jpeg);\"><div class=\"area\"><div class=\"content\"><div class=\"sub-h\">New York City, ABD<\/div><\/div><a href=\"#\" data-type=\"video\" data-size=\"960x640\" data-video='<div class=\"wrapper\"><div class=\"video-wrapper\"><iframe loading=\"lazy\" class=\"pswp__video\" width=\"1920\" height=\"1080\" src=\"https:\/\/youtube.com\/embed\/rY2SsT_Z6ww?rel=0&#038;controls=0&#038;showinfo=0\" frameborder=\"0\" allowfullscreen><\/iframe><\/div><\/div>'><div><i class=\"ui-interface-play-button\"><\/i><\/div><\/a><\/div><\/div><\/div><\/div><\/div><\/div><\/div><div class=\"vc_row wpb_row vc_row-fluid\" style=\"  \"><div class=\"wpb_column vc_column_container vc_col-sm-12\"><div class=\"vc_column-inner\" style=\"  \"><div class=\"wpb_wrapper\"><div class=\"vc_empty_space\"   style=\"height: 32px\"><span class=\"vc_empty_space_inner\"><\/span><\/div>\n\t<div class=\"wpb_text_column wpb_content_element\" >\n\t\t<div class=\"wpb_wrapper\">\n\t\t\t<p style=\"text-align: center;\"><span style=\"color: #999999;\">Geri bildirimleriniz bizim i\u00e7in \u00e7ok de\u011ferli. \u015eirketimiz ve sundu\u011fumuz hizmet hakk\u0131nda yorumlar\u0131n\u0131z\u0131 payla\u015fmaktan b\u00fcy\u00fck mutluluk duyar\u0131z.<\/span><\/p>\n\n\t\t<\/div>\n\t<\/div>\n<\/div><\/div><\/div><\/div>","protected":false},"excerpt":{"rendered":"Some of TestimonialsWhat Our Clients SayClient Review from Chicago, Illinois, USAClient Review from Bremen, GermanyClient Review from Oslo, NorwayClient Review from Hong Kong, ChinaClient Review from New York City, USA Your feedbacks are very valuable to us. We would be very pleased to exhibit your reviews about our company and the service we provide.","protected":false},"author":1,"featured_media":0,"parent":0,"menu_order":0,"comment_status":"closed","ping_status":"closed","template":"template-landing.php","meta":{"footnotes":""},"acf":[],"yoast_head":"<!-- This site is optimized with the Yoast SEO plugin v21.6 - https:\/\/yoast.com\/wordpress\/plugins\/seo\/ -->\n<title>Our Clients - CarbonCode Technology<\/title>\n<meta name=\"description\" content=\"Do you have an idea? Let&#039;s make it come true! We develop mobile apps and websites using techs like artificial intelligence, augmented reality, IOT and blockchain\" \/>\n<meta name=\"robots\" content=\"index, follow, max-snippet:-1, max-image-preview:large, max-video-preview:-1\" \/>\n<link rel=\"canonical\" href=\"https:\/\/carboncodetechnology.com\/tr\/our-clients\/\" \/>\n<meta property=\"og:locale\" content=\"tr_TR\" \/>\n<meta property=\"og:type\" content=\"article\" \/>\n<meta property=\"og:title\" content=\"Our Clients - CarbonCode Technology\" \/>\n<meta property=\"og:description\" content=\"Do you have an idea? Let&#039;s make it come true! We develop mobile apps and websites using techs like artificial intelligence, augmented reality, IOT and blockchain\" \/>\n<meta property=\"og:url\" content=\"https:\/\/carboncodetechnology.com\/tr\/our-clients\/\" \/>\n<meta property=\"og:site_name\" content=\"CarbonCode Technology\" \/>\n<meta property=\"article:modified_time\" content=\"2024-10-09T09:43:00+00:00\" \/>\n<meta name=\"twitter:card\" content=\"summary_large_image\" \/>\n<meta name=\"twitter:site\" content=\"@CarboncodeTech\" \/>\n<meta name=\"twitter:label1\" content=\"Tahmini okuma s\u00fcresi\" \/>\n\t<meta name=\"twitter:data1\" content=\"1 dakika\" \/>\n<script type=\"application\/ld+json\" class=\"yoast-schema-graph\">{\"@context\":\"https:\/\/schema.org\",\"@graph\":[{\"@type\":\"WebPage\",\"@id\":\"https:\/\/carboncodetechnology.com\/our-clients\/\",\"url\":\"https:\/\/carboncodetechnology.com\/our-clients\/\",\"name\":\"Our Clients - CarbonCode Technology\",\"isPartOf\":{\"@id\":\"https:\/\/carboncodetechnology.com\/#website\"},\"datePublished\":\"2020-06-28T21:24:29+00:00\",\"dateModified\":\"2024-10-09T09:43:00+00:00\",\"description\":\"Do you have an idea? Let's make it come true! We develop mobile apps and websites using techs like artificial intelligence, augmented reality, IOT and blockchain\",\"breadcrumb\":{\"@id\":\"https:\/\/carboncodetechnology.com\/our-clients\/#breadcrumb\"},\"inLanguage\":\"tr\",\"potentialAction\":[{\"@type\":\"ReadAction\",\"target\":[\"https:\/\/carboncodetechnology.com\/our-clients\/\"]}]},{\"@type\":\"BreadcrumbList\",\"@id\":\"https:\/\/carboncodetechnology.com\/our-clients\/#breadcrumb\",\"itemListElement\":[{\"@type\":\"ListItem\",\"position\":1,\"name\":\"Home\",\"item\":\"https:\/\/carboncodetechnology.com\/\"},{\"@type\":\"ListItem\",\"position\":2,\"name\":\"Our Clients\"}]},{\"@type\":\"WebSite\",\"@id\":\"https:\/\/carboncodetechnology.com\/#website\",\"url\":\"https:\/\/carboncodetechnology.com\/\",\"name\":\"CarbonCode Technology\",\"description\":\"We create the future\",\"publisher\":{\"@id\":\"https:\/\/carboncodetechnology.com\/#organization\"},\"potentialAction\":[{\"@type\":\"SearchAction\",\"target\":{\"@type\":\"EntryPoint\",\"urlTemplate\":\"https:\/\/carboncodetechnology.com\/?s={search_term_string}\"},\"query-input\":\"required name=search_term_string\"}],\"inLanguage\":\"tr\"},{\"@type\":\"Organization\",\"@id\":\"https:\/\/carboncodetechnology.com\/#organization\",\"name\":\"CarbonCode Technology\",\"url\":\"https:\/\/carboncodetechnology.com\/\",\"logo\":{\"@type\":\"ImageObject\",\"inLanguage\":\"tr\",\"@id\":\"https:\/\/carboncodetechnology.com\/#\/schema\/logo\/image\/\",\"url\":\"https:\/\/carboncodetechnology.com\/wp-content\/uploads\/2022\/05\/carbon.jpg\",\"contentUrl\":\"https:\/\/carboncodetechnology.com\/wp-content\/uploads\/2022\/05\/carbon.jpg\",\"width\":2000,\"height\":2000,\"caption\":\"CarbonCode Technology\"},\"image\":{\"@id\":\"https:\/\/carboncodetechnology.com\/#\/schema\/logo\/image\/\"},\"sameAs\":[\"https:\/\/twitter.com\/CarboncodeTech\",\"https:\/\/www.instagram.com\/carboncodetechnology\/\",\"https:\/\/www.linkedin.com\/company\/12587438\/admin\/\",\"https:\/\/www.youtube.com\/channel\/UCsuBvWHg6GMRtQ_HnYEPGrQ\"]}]}<\/script>\n<!-- \/ Yoast SEO plugin. -->","yoast_head_json":{"title":"Our Clients - CarbonCode Technology","description":"Do you have an idea? Let's make it come true! We develop mobile apps and websites using techs like artificial intelligence, augmented reality, IOT and blockchain","robots":{"index":"index","follow":"follow","max-snippet":"max-snippet:-1","max-image-preview":"max-image-preview:large","max-video-preview":"max-video-preview:-1"},"canonical":"https:\/\/carboncodetechnology.com\/tr\/our-clients\/","og_locale":"tr_TR","og_type":"article","og_title":"Our Clients - CarbonCode Technology","og_description":"Do you have an idea? Let's make it come true! We develop mobile apps and websites using techs like artificial intelligence, augmented reality, IOT and blockchain","og_url":"https:\/\/carboncodetechnology.com\/tr\/our-clients\/","og_site_name":"CarbonCode Technology","article_modified_time":"2024-10-09T09:43:00+00:00","twitter_card":"summary_large_image","twitter_site":"@CarboncodeTech","twitter_misc":{"Tahmini okuma s\u00fcresi":"1 dakika"},"schema":{"@context":"https:\/\/schema.org","@graph":[{"@type":"WebPage","@id":"https:\/\/carboncodetechnology.com\/our-clients\/","url":"https:\/\/carboncodetechnology.com\/our-clients\/","name":"Our Clients - CarbonCode Technology","isPartOf":{"@id":"https:\/\/carboncodetechnology.com\/#website"},"datePublished":"2020-06-28T21:24:29+00:00","dateModified":"2024-10-09T09:43:00+00:00","description":"Do you have an idea? Let's make it come true! We develop mobile apps and websites using techs like artificial intelligence, augmented reality, IOT and blockchain","breadcrumb":{"@id":"https:\/\/carboncodetechnology.com\/our-clients\/#breadcrumb"},"inLanguage":"tr","potentialAction":[{"@type":"ReadAction","target":["https:\/\/carboncodetechnology.com\/our-clients\/"]}]},{"@type":"BreadcrumbList","@id":"https:\/\/carboncodetechnology.com\/our-clients\/#breadcrumb","itemListElement":[{"@type":"ListItem","position":1,"name":"Home","item":"https:\/\/carboncodetechnology.com\/"},{"@type":"ListItem","position":2,"name":"Our Clients"}]},{"@type":"WebSite","@id":"https:\/\/carboncodetechnology.com\/#website","url":"https:\/\/carboncodetechnology.com\/","name":"CarbonCode Technology","description":"We create the future","publisher":{"@id":"https:\/\/carboncodetechnology.com\/#organization"},"potentialAction":[{"@type":"SearchAction","target":{"@type":"EntryPoint","urlTemplate":"https:\/\/carboncodetechnology.com\/?s={search_term_string}"},"query-input":"required name=search_term_string"}],"inLanguage":"tr"},{"@type":"Organization","@id":"https:\/\/carboncodetechnology.com\/#organization","name":"CarbonCode Technology","url":"https:\/\/carboncodetechnology.com\/","logo":{"@type":"ImageObject","inLanguage":"tr","@id":"https:\/\/carboncodetechnology.com\/#\/schema\/logo\/image\/","url":"https:\/\/carboncodetechnology.com\/wp-content\/uploads\/2022\/05\/carbon.jpg","contentUrl":"https:\/\/carboncodetechnology.com\/wp-content\/uploads\/2022\/05\/carbon.jpg","width":2000,"height":2000,"caption":"CarbonCode Technology"},"image":{"@id":"https:\/\/carboncodetechnology.com\/#\/schema\/logo\/image\/"},"sameAs":["https:\/\/twitter.com\/CarboncodeTech","https:\/\/www.instagram.com\/carboncodetechnology\/","https:\/\/www.linkedin.com\/company\/12587438\/admin\/","https:\/\/www.youtube.com\/channel\/UCsuBvWHg6GMRtQ_HnYEPGrQ"]}]}},"_links":{"self":[{"href":"https:\/\/carboncodetechnology.com\/tr\/wp-json\/wp\/v2\/pages\/1664"}],"collection":[{"href":"https:\/\/carboncodetechnology.com\/tr\/wp-json\/wp\/v2\/pages"}],"about":[{"href":"https:\/\/carboncodetechnology.com\/tr\/wp-json\/wp\/v2\/types\/page"}],"author":[{"embeddable":true,"href":"https:\/\/carboncodetechnology.com\/tr\/wp-json\/wp\/v2\/users\/1"}],"replies":[{"embeddable":true,"href":"https:\/\/carboncodetechnology.com\/tr\/wp-json\/wp\/v2\/comments?post=1664"}],"version-history":[{"count":3,"href":"https:\/\/carboncodetechnology.com\/tr\/wp-json\/wp\/v2\/pages\/1664\/revisions"}],"predecessor-version":[{"id":3187,"href":"https:\/\/carboncodetechnology.com\/tr\/wp-json\/wp\/v2\/pages\/1664\/revisions\/3187"}],"wp:attachment":[{"href":"https:\/\/carboncodetechnology.com\/tr\/wp-json\/wp\/v2\/media?parent=1664"}],"curies":[{"name":"wp","href":"https:\/\/api.w.org\/{rel}","templated":true}]}}